{"id":100,"date":"2022-01-11T15:56:04","date_gmt":"2022-01-11T14:56:04","guid":{"rendered":"https:\/\/www.klimainitiative-windeck.de\/?page_id=100"},"modified":"2025-11-02T18:44:41","modified_gmt":"2025-11-02T17:44:41","slug":"wohnen","status":"publish","type":"page","link":"https:\/\/www.klimainitiative-windeck.de\/index.php\/themen\/wohnen\/","title":{"rendered":"Wohnen"},"content":{"rendered":"\n<p class=\"has-text-align-left\">In Deutschland stehen aktuell knapp 20 Mio. Wohngeb\u00e4ude, davon etwa 16 Mio. Ein- und Zweifamilienh\u00e4user (<a rel=\"noreferrer noopener\" href=\"https:\/\/www.destatis.de\/DE\/Themen\/Gesellschaft-Umwelt\/Wohnen\/Publikationen\/Downloads-Wohnen\/bestand-wohnungen- 2050300207004.pdf?__blob=publicationFile\" target=\"_blank\">Destatis<\/a>). Der Verbrauch fossiler Energien f\u00fcr deren Beheizung, Warmwasserbereitung und Strombelieferung ist verantwortlich f\u00fcr ca. 1\/4 der deutschen Treibhausgasemissionen. 2020 waren laut <a rel=\"noreferrer noopener\" href=\"https:\/\/www.bmwk.de\/Redaktion\/DE\/Artikel\/Energie\/energiedaten-gesamtausgabe.html\" target=\"_blank\">BMWK<\/a> knapp 40% des gesamten Endenergieverbrauchs Erdgas, je 20% Heiz\u00f6l und Strom, der Rest Erneuerbare und Fernw\u00e4rme (die ebenfalls meist aus Erdgas erzeugt wird). Die Bundesregierung hat als Klimaneutralit\u00e4tsziel f\u00fcr das ganze Land 2045 ausgegeben, f\u00fcr den Geb\u00e4udesektor gibt es zus\u00e4tzlich ein Zwischenziel: bis 2030 soll 50 Prozent der W\u00e4rme &#8222;klimaneutral&#8220; erzeugt werden. Um die Pariser Klimaziele, welche eine Begrenzung der Erw\u00e4rmung auf 1,5\u00b0C vorsehen, erreichen zu k\u00f6nnen, steht nur noch ein kleines Budget an Restemissionen zur Verf\u00fcgung.  Klimaneutralit\u00e4t m\u00fcsste also viel fr\u00fcher erreicht werden. So rechnen Studien vor, dass der Geb\u00e4udesektor vor 2040 vollst\u00e4ndig auf erneuerbare Energien umgestellt sein m\u00fcsste. Greenpeace und das Wuppertal Institut zeigen, dass nicht wie derzeit nur 1% aller Geb\u00e4ude, sondern stattdessen 3-4% jedes Jahr saniert und w\u00e4rmeged\u00e4mmt werden m\u00fcssten. So w\u00fcrde der Energieverbrauch schneller sinken und k\u00f6nnte durch elektrische W\u00e4rmepumpen gedeckt werden, um bis 2035 klimaneutral zu sein. Neben W\u00e4rmepumpen k\u00f6nnen in gut ged\u00e4mmten Geb\u00e4uden auch Solarthermie, z. B. mit Photovoltaik betriebene direktelektrische Heizst\u00e4be zur Unterst\u00fctzung und gerade in l\u00e4ndlichen Gebieten auch Waldrestholz genutzt werden. Studien die Biomassepotenziale detaillierter analysieren (z.B. <a href=\"https:\/\/www.umweltbundesamt.de\/themen\/klima-energie\/klimaschutz-energiepolitik-in-deutschland\/szenarien-konzepte-fuer-die-klimaschutz\/rescue-wege-in-eine-ressourcenschonende#hintergrund\">RESCUE<\/a> des Umweltbundesamtes) zeigen jedoch, dass dieser wertvolle und in Deutschland nur sehr begrenzt verf\u00fcgbare Rohstoff in einem klimaneutralen Gesamtsystem als Ressourceninput in der Industrie sowie f\u00fcr W\u00e4rmenetze ben\u00f6tigt wird und keinesfalls in schlecht ged\u00e4mmten, zu gro\u00dfen Wohnungen und H\u00e4usern verfeuert werden sollte.<\/p>\n\n\n\n<h2 class=\"wp-block-heading\">Wohnen in Windeck<\/h2>\n\n\n\n<p>Die Situation in Windeck ist \u00e4hnlich bis noch dramatischer. Das Klimaschutzkonzept der Gemeinde von 2012 listet Daten von 2010, laut den Autoren hat sich an der Situation wenig ge\u00e4ndert (sobald uns neue Zahlen vorliegen, aktualisieren wir diese). Demnach stehen Privathaushalte f\u00fcr 38% des Energieverbrauchs, 49% kommen aus dem (ebenfalls gro\u00dfteils privaten) Verkehr, mit \u00e4hnlichen Anteilen bei den CO<sub>2<\/sub>-Emissionen. Der Anteil an Gasheizungen ist mit ca. 31% geringer als im Bundesdurchschnitt, mit \u00d6lheizungen (ca. 52%) deutlich h\u00f6her (diese Zahlen d\u00fcrften sich bis 2022 allerdings dem Bundesdurchschnitt angen\u00e4hert haben).<br>Der Geb\u00e4udeenergieverbrauch je Quadratmeter Wohnfl\u00e4che ist in Windeck anscheinend weiter deutlich \u00fcberh\u00f6ht (2010: 150 kWh\/m<sup>2<\/sup>), viele Geb\u00e4ude sind noch nicht ausreichend saniert. Das Geb\u00e4udeenergiegesetz schreibt hingegen hohe Standards vor: auch wenn nur Teilsanierungen z. B. von W\u00e4nden oder Fenstern stattfinden, m\u00fcssten diese heute <a href=\"https:\/\/www.verbraucherzentrale.de\/wissen\/energie\/energetische-sanierung\/geg-was-steht-im-neuen-gebaeudeenergiegesetz-13886\">hohen Anforderungen<\/a> gen\u00fcgen. In Windeck scheint dies noch nicht \u00fcberall umgesetzt. Hier besteht noch ein riesiges Effizienzpotenzial.<br>Dazu gibt es noch ein ganz anderes Thema: die Pro-Kopf-Wohnfl\u00e4che <a href=\"https:\/\/www.destatis.de\/DE\/Themen\/Gesellschaft-Umwelt\/Wohnen\/Tabellen\/wohnungsbestand-deutschland.html\">steigt kontinuierlich an<\/a> und liegt heute bei durchschnittlich 47 m<sup>2<\/sup>. Jedoch: in Mehrfamilienh\u00e4usern mit mehr als 3 Wohnungen ist die durchschnittliche Wohnungsgr\u00f6\u00dfe seit 1995 von 65 auf 70 m<sup>2<\/sup> gestiegen. In Einfamilienh\u00e4usern, wie sie in Windeck vorherrschen, von 116 auf 129 m<sup>2<\/sup> (Berechnung auf Basis <a href=\"https:\/\/www-genesis.destatis.de\/genesis\/online?operation=abruftabelleBearbeiten&amp;levelindex=1&amp;levelid=1652819013021&amp;auswahloperation=abruftabelleAuspraegungAuswaehlen&amp;auswahlverzeichnis=ordnungsstruktur&amp;auswahlziel=werteabruf&amp;code=31231-0001&amp;auswahltext=&amp;werteabruf=Werteabruf#abreadcrumb\">Destatis<\/a>, Tabelle 31231-0001). Wir Windecker*innen leben damit auf gro\u00dfem Energie- und Klimafu\u00df.<\/p>\n\n\n\n<h2 class=\"wp-block-heading\">Was ist zu tun?<\/h2>\n\n\n\n<p>Dringendst geboten sind in Windeck in Bezug auf Wohngeb\u00e4ude daher mehrere Dinge:<\/p>\n\n\n\n<ul class=\"wp-block-list\">\n<li>Unsanierte Geb\u00e4ude m\u00fcssen schnellstm\u00f6glich saniert, d. h. w\u00e4rmeged\u00e4mmt werden. Daf\u00fcr k\u00f6nnen umfangreiche <a href=\"https:\/\/www.kfw.de\/inlandsfoerderung\/Bundesf%C3%B6rderung-f%C3%BCr-effiziente-Geb%C3%A4ude\/\">Angebote der F\u00f6rderbank KfW<\/a> genutzt werden. Auch die <a href=\"https:\/\/energieagentur-rsk.de\/\">Energieagentur Rhein-Sieg<\/a> ist ein erster Anlaufpunkt f\u00fcr Geb\u00e4udeeigent\u00fcmer.<\/li>\n\n\n\n<li>Nach oder im Rahmen einer Sanierung muss die Heizenergie schnellstm\u00f6glich auf erneuerbare Energietr\u00e4ger wie W\u00e4rmepumpen oder ggf. Hackschnitzel oder Pellets umgestellt werden.<\/li>\n\n\n\n<li>Zur Einsparung von W\u00e4rmeenergie k\u00f6nnen alle Haushalte die Einstellungen ihrer Heizung \u00fcberpr\u00fcfen und die Raumtemperatur absenken: jedes Grad Celsius Absenkung spart ca. 5-6% Heizenergie. Insbesondere f\u00fcr fossil beheizte H\u00e4user eine effektive Ma\u00dfnahme. <\/li>\n\n\n\n<li>Zudem k\u00f6nnen wenig genutzte R\u00e4ume auch weniger beheizt werden. Insbesondere wo wenige Menschen H\u00e4user mit gro\u00dfen Wohnfl\u00e4chen bewohnen, sollte \u00fcberpr\u00fcft werden, ob z. B. Wohnungen abgetrennt werden k\u00f6nnen. So kann in Windeck dringend gesuchter Wohnraum geschaffen werden, Bewohner von \u00fcbergro\u00dfen Wohnfl\u00e4chen mit damit verbundenem Aufwand entlastet und die Pro-Kopf-Wohnfl\u00e4che mit einhergehenden hohen Emissionen reduziert werden.<\/li>\n<\/ul>\n\n\n\n<p class=\"has-text-align-right\"><em>Text: Johannes Thema<\/em><\/p>\n\n\n\n<h2 class=\"wp-block-heading\">Weitere Betr\u00e4ge zum Thema Wohnen<\/h2>\n\n\n<ul class=\"wp-block-latest-posts__list wp-block-latest-posts\"><li><div class=\"wp-block-latest-posts__featured-image alignleft\"><img loading=\"lazy\" decoding=\"async\" width=\"300\" height=\"225\" src=\"https:\/\/www.klimainitiative-windeck.de\/wp-content\/uploads\/2025\/11\/Waermebild_aussen-300x225.jpg\" class=\"attachment-medium size-medium wp-post-image\" alt=\"Das W\u00e4rmebild einer Hauswand mit Giebel. Deutlich zu sehen sind W\u00e4rmebr\u00fccken ober und unterhalb der Fenster.\" style=\"max-width:225px;max-height:225px;\" srcset=\"https:\/\/www.klimainitiative-windeck.de\/wp-content\/uploads\/2025\/11\/Waermebild_aussen-300x225.jpg 300w, https:\/\/www.klimainitiative-windeck.de\/wp-content\/uploads\/2025\/11\/Waermebild_aussen-768x576.jpg 768w, https:\/\/www.klimainitiative-windeck.de\/wp-content\/uploads\/2025\/11\/Waermebild_aussen.jpg 960w\" sizes=\"auto, (max-width: 300px) 100vw, 300px\" \/><\/div><a class=\"wp-block-latest-posts__post-title\" href=\"https:\/\/www.klimainitiative-windeck.de\/index.php\/2025\/11\/02\/waermebildkamera-leihen\/\">W\u00e4rmebildkamera leihen<\/a><div class=\"wp-block-latest-posts__post-excerpt\">Die Klimainitiative Windeck bietet eine W\u00e4rmebildkamera zum Verleih \u00fcber unsere Teilbar \u2013 ein praktisches Werkzeug, um energetische Schwachstellen an Geb\u00e4uden sichtbar zu machen. Auch ein Vorher-Nachher-Vergleich bei energetischen Ma\u00dfnahmen ist\u2026\u00a0<a class=\"wp-block-latest-posts__read-more\" href=\"https:\/\/www.klimainitiative-windeck.de\/index.php\/2025\/11\/02\/waermebildkamera-leihen\/\" rel=\"noopener noreferrer\"><span class=\"screen-reader-text\">W\u00e4rmebildkamera leihen <\/span>weiterlesen<\/a><\/div><\/li>\n<li><div class=\"wp-block-latest-posts__featured-image alignleft\"><img loading=\"lazy\" decoding=\"async\" width=\"300\" height=\"171\" src=\"https:\/\/www.klimainitiative-windeck.de\/wp-content\/uploads\/2025\/02\/Nahwaerme-300x171.jpeg\" class=\"attachment-medium size-medium wp-post-image\" alt=\"Im Vordergrund ein kleines Kl\u00e4rwerk umgeben von mehreren Wohnh\u00e4usern, die sich im Hintergrund mit H\u00fcgeln und einem Fluss und leichtem Nebel verlieren.\" style=\"max-width:225px;max-height:225px;\" srcset=\"https:\/\/www.klimainitiative-windeck.de\/wp-content\/uploads\/2025\/02\/Nahwaerme-300x171.jpeg 300w, https:\/\/www.klimainitiative-windeck.de\/wp-content\/uploads\/2025\/02\/Nahwaerme-768x439.jpeg 768w, https:\/\/www.klimainitiative-windeck.de\/wp-content\/uploads\/2025\/02\/Nahwaerme.jpeg 900w\" sizes=\"auto, (max-width: 300px) 100vw, 300px\" \/><\/div><a class=\"wp-block-latest-posts__post-title\" href=\"https:\/\/www.klimainitiative-windeck.de\/index.php\/2025\/02\/08\/nahwaerme-in-windeck\/\">Nahw\u00e4rme in Windeck<\/a><div class=\"wp-block-latest-posts__post-excerpt\">Fast alle Wohneinheiten in Windeck verf\u00fcgen \u00fcber eine eigene Heizungsanlage oder eine zentrale Heizungsanlage, die das ganze Haus mit W\u00e4rme versorgt. Es ist jedoch auch m\u00f6glich die Heizungsw\u00e4rme \u00fcber ein\u2026\u00a0<a class=\"wp-block-latest-posts__read-more\" href=\"https:\/\/www.klimainitiative-windeck.de\/index.php\/2025\/02\/08\/nahwaerme-in-windeck\/\" rel=\"noopener noreferrer\"><span class=\"screen-reader-text\">Nahw\u00e4rme in Windeck <\/span>weiterlesen<\/a><\/div><\/li>\n<\/ul>","protected":false},"excerpt":{"rendered":"<p>In Deutschland stehen aktuell knapp 20 Mio. Wohngeb\u00e4ude, davon etwa 16 Mio. Ein- und Zweifamilienh\u00e4user (Destatis). Der Verbrauch fossiler Energien f\u00fcr deren Beheizung, Warmwasserbereitung und Strombelieferung ist verantwortlich f\u00fcr ca. 1\/4 der deutschen Treibhausgasemissionen. 2020 waren laut BMWK knapp 40% des gesamten Endenergieverbrauchs Erdgas, je 20% Heiz\u00f6l und Strom, der Rest Erneuerbare und Fernw\u00e4rme (die [&hellip;]<\/p>\n","protected":false},"author":6,"featured_media":680,"parent":114,"menu_order":0,"comment_status":"closed","ping_status":"closed","template":"","meta":{"site-sidebar-layout":"default","site-content-layout":"boxed-container","ast-site-content-layout":"normal-width-container","site-content-style":"boxed","site-sidebar-style":"boxed","ast-global-header-display":"","ast-banner-title-visibility":"","ast-main-header-display":"","ast-hfb-above-header-display":"","ast-hfb-below-header-display":"","ast-hfb-mobile-header-display":"","site-post-title":"","ast-breadcrumbs-content":"","ast-featured-img":"","footer-sml-layout":"","ast-disable-related-posts":"","theme-transparent-header-meta":"","adv-header-id-meta":"","stick-header-meta":"","header-above-stick-meta":"","header-main-stick-meta":"","header-below-stick-meta":"","astra-migrate-meta-layouts":"set","ast-page-background-enabled":"default","ast-page-background-meta":{"desktop":{"background-color":"var(--ast-global-color-4)","background-image":"","background-repeat":"repeat","background-position":"center center","background-size":"auto","background-attachment":"scroll","background-type":"","background-media":"","overlay-type":"","overlay-color":"","overlay-opacity":"","overlay-gradient":""},"tablet":{"background-color":"","background-image":"","background-repeat":"repeat","background-position":"center center","background-size":"auto","background-attachment":"scroll","background-type":"","background-media":"","overlay-type":"","overlay-color":"","overlay-opacity":"","overlay-gradient":""},"mobile":{"background-color":"","background-image":"","background-repeat":"repeat","background-position":"center center","background-size":"auto","background-attachment":"scroll","background-type":"","background-media":"","overlay-type":"","overlay-color":"","overlay-opacity":"","overlay-gradient":""}},"ast-content-background-meta":{"desktop":{"background-color":"var(--ast-global-color-5)","background-image":"","background-repeat":"repeat","background-position":"center center","background-size":"auto","background-attachment":"scroll","background-type":"","background-media":"","overlay-type":"","overlay-color":"","overlay-opacity":"","overlay-gradient":""},"tablet":{"background-color":"var(--ast-global-color-5)","background-image":"","background-repeat":"repeat","background-position":"center center","background-size":"auto","background-attachment":"scroll","background-type":"","background-media":"","overlay-type":"","overlay-color":"","overlay-opacity":"","overlay-gradient":""},"mobile":{"background-color":"var(--ast-global-color-5)","background-image":"","background-repeat":"repeat","background-position":"center center","background-size":"auto","background-attachment":"scroll","background-type":"","background-media":"","overlay-type":"","overlay-color":"","overlay-opacity":"","overlay-gradient":""}},"footnotes":""},"class_list":["post-100","page","type-page","status-publish","has-post-thumbnail","hentry"],"_links":{"self":[{"href":"https:\/\/www.klimainitiative-windeck.de\/index.php\/wp-json\/wp\/v2\/pages\/100","targetHints":{"allow":["GET"]}}],"collection":[{"href":"https:\/\/www.klimainitiative-windeck.de\/index.php\/wp-json\/wp\/v2\/pages"}],"about":[{"href":"https:\/\/www.klimainitiative-windeck.de\/index.php\/wp-json\/wp\/v2\/types\/page"}],"author":[{"embeddable":true,"href":"https:\/\/www.klimainitiative-windeck.de\/index.php\/wp-json\/wp\/v2\/users\/6"}],"replies":[{"embeddable":true,"href":"https:\/\/www.klimainitiative-windeck.de\/index.php\/wp-json\/wp\/v2\/comments?post=100"}],"version-history":[{"count":0,"href":"https:\/\/www.klimainitiative-windeck.de\/index.php\/wp-json\/wp\/v2\/pages\/100\/revisions"}],"up":[{"embeddable":true,"href":"https:\/\/www.klimainitiative-windeck.de\/index.php\/wp-json\/wp\/v2\/pages\/114"}],"wp:featuredmedia":[{"embeddable":true,"href":"https:\/\/www.klimainitiative-windeck.de\/index.php\/wp-json\/wp\/v2\/media\/680"}],"wp:attachment":[{"href":"https:\/\/www.klimainitiative-windeck.de\/index.php\/wp-json\/wp\/v2\/media?parent=100"}],"curies":[{"name":"wp","href":"https:\/\/api.w.org\/{rel}","templated":true}]}}