{"id":1029,"date":"2023-04-21T10:46:34","date_gmt":"2023-04-21T08:46:34","guid":{"rendered":"https:\/\/www.klimainitiative-windeck.de\/?page_id=1029"},"modified":"2024-02-01T17:59:35","modified_gmt":"2024-02-01T16:59:35","slug":"tag-des-wassers","status":"publish","type":"page","link":"https:\/\/www.klimainitiative-windeck.de\/index.php\/projekte\/tag-des-wassers\/","title":{"rendered":"Tag des Wassers"},"content":{"rendered":"\n<p>Allj\u00e4hrlich findet am 22. M\u00e4rz der internationale Tag des Wassers statt. Aus diesem Anlass f\u00fchren wir einige Veranstaltungen durch, um auf die Bedeutung des Wassers f\u00fcr unser Leben aufmerksam zu machen. Seit mehreren Jahren werden Wasserkrisen als eines der gr\u00f6\u00dften globalen Risiken f\u00fcr Wirtschaft und Gesellschaft gelistet, Zusammenh\u00e4nge mit Nahrungsmittelknappheit und mangelnder Anpassung an den Klimawandel sind offenkundig, so die Expert*innenmeinung. Im Zuge des Klimawandels erleben wir, dass unser gewohnter Umgang mit Wasser in Frage gestellt wird. Wir sind herausgefordert unseren verbrauchsorientierten und oft unbedachten Umgang mit dem sich verknappenden Element Wasser zu ver\u00e4ndern. Mit den angebotenen Veranstaltungen m\u00f6chten wir zur Information, zum Nachdenken und zur Auseinandersetzung mit dem Thema Wasser unter den ver\u00e4nderten klimatischen Bedingungen einladen.<\/p>\n\n\n\n<h2 class=\"wp-block-heading\">Weitere Beitr\u00e4ge zum Thema Wasser<\/h2>\n\n\n<ul class=\"wp-block-latest-posts__list wp-block-latest-posts\"><li><div class=\"wp-block-latest-posts__featured-image alignleft\"><img loading=\"lazy\" decoding=\"async\" width=\"150\" height=\"150\" src=\"https:\/\/www.klimainitiative-windeck.de\/wp-content\/uploads\/2023\/04\/Talsperre_1-150x150.jpg\" class=\"attachment-thumbnail size-thumbnail wp-post-image\" alt=\"Ein metallisches Bauteil (die Turbine) im Vordergrund und mehrere Menschen im Hintergrund, die stehend in der Turbine Platz h\u00e4tten.\" style=\"\" \/><\/div><a class=\"wp-block-latest-posts__post-title\" href=\"https:\/\/www.klimainitiative-windeck.de\/index.php\/2023\/04\/21\/besuch-der-wahnbachtalsperre\/\">Besuch der Wahnbachtalsperre<\/a><div class=\"wp-block-latest-posts__post-excerpt\">Die KlimaInitiative Windeck lud zu einem Besuch der Wahnbachtalsperre am 17. M\u00e4rz 2023 ein. 15 Interessierte sind der Einladung gefolgt und trafen sich am Nachmittag bei der Wahnbachtalsperre um anschlie\u00dfend eine \u00e4u\u00dferst spannende und informative F\u00fchrung durch die Anlage zu erleben. Gestartet wurde oberhalb des Dammes, dann ging es in den Damm hinein, durch ihn\u2026\u00a0<a class=\"wp-block-latest-posts__read-more\" href=\"https:\/\/www.klimainitiative-windeck.de\/index.php\/2023\/04\/21\/besuch-der-wahnbachtalsperre\/\" rel=\"noopener noreferrer\"><span class=\"screen-reader-text\">Besuch der Wahnbachtalsperre <\/span>weiterlesen<\/a><\/div><\/li>\n<li><div class=\"wp-block-latest-posts__featured-image alignleft\"><img loading=\"lazy\" decoding=\"async\" width=\"150\" height=\"150\" src=\"https:\/\/www.klimainitiative-windeck.de\/wp-content\/uploads\/2023\/04\/Vortrag-150x150.jpg\" class=\"attachment-thumbnail size-thumbnail wp-post-image\" alt=\"Mehrere Menschen von hinten, die auf den Vortragenden schauen, der neben einer Leinwand mit einer Pr\u00e4sentation steht.\" style=\"\" \/><\/div><a class=\"wp-block-latest-posts__post-title\" href=\"https:\/\/www.klimainitiative-windeck.de\/index.php\/2023\/04\/21\/nutzung-und-schutz-von-suesswasserressourcen\/\">Nutzung und Schutz von S\u00fc\u00dfwasserressourcen<\/a><div class=\"wp-block-latest-posts__post-excerpt\">\u201eNutzung und Schutz von S\u00fc\u00dfwasserressourcen\u201c so titelte der Vortrag von Dr. Ruben van Treeck, Referent f\u00fcr Flie\u00dfgew\u00e4sser des WWF, der am 25.3.2023 von 14.30 bis 17.30 Uhr bei kabelmetal angeboten wurde. Als Kurzinfo vorab schrieb Dr. Ruben van Treeck: \u201eDie Menge an S\u00fc\u00dfwasser, die den Menschen zur Verf\u00fcgung steht, ist begrenzt, und wird in Folge\u2026\u00a0<a class=\"wp-block-latest-posts__read-more\" href=\"https:\/\/www.klimainitiative-windeck.de\/index.php\/2023\/04\/21\/nutzung-und-schutz-von-suesswasserressourcen\/\" rel=\"noopener noreferrer\"><span class=\"screen-reader-text\">Nutzung und Schutz von S\u00fc\u00dfwasserressourcen <\/span>weiterlesen<\/a><\/div><\/li>\n<li><div class=\"wp-block-latest-posts__featured-image alignleft\"><img loading=\"lazy\" decoding=\"async\" width=\"150\" height=\"150\" src=\"https:\/\/www.klimainitiative-windeck.de\/wp-content\/uploads\/2023\/04\/Infostand-150x150.jpg\" class=\"attachment-thumbnail size-thumbnail wp-post-image\" alt=\"Unser Infostand vor der Buchhandlung Schl\u00f6sser bestehend aus einer Reihe von Tischen mit verschiedenen Informationsmaterial und Experimenten bzw. Quizzes. Vor dem Infostand stehen einige Menschen.\" style=\"\" \/><\/div><a class=\"wp-block-latest-posts__post-title\" href=\"https:\/\/www.klimainitiative-windeck.de\/index.php\/2023\/04\/21\/infostand-zum-tag-des-wassers\/\">Infostand zum \u201eTag des Wassers\u201c<\/a><div class=\"wp-block-latest-posts__post-excerpt\">Am 22. M\u00e4rz, dem allj\u00e4hrlichen \u201eTag des Wassers\u201c wollten wir mit einem Infostand neben der Buchhandlung Schl\u00f6sser in Rosbach f\u00fcr einen sorgsamen und bewussten Umgang mit der wertvollen Ressource werben. Optisch sch\u00f6n und auff\u00e4llig gestaltet mit viel Blau und einem gro\u00dfen Schriftzug konnte jede*r sofort erkennen, um was es ging! Die kleinen und gro\u00dfen Besucher*innen\u2026\u00a0<a class=\"wp-block-latest-posts__read-more\" href=\"https:\/\/www.klimainitiative-windeck.de\/index.php\/2023\/04\/21\/infostand-zum-tag-des-wassers\/\" rel=\"noopener noreferrer\"><span class=\"screen-reader-text\">Infostand zum \u201eTag des Wassers\u201c <\/span>weiterlesen<\/a><\/div><\/li>\n<li><div class=\"wp-block-latest-posts__featured-image alignleft\"><img loading=\"lazy\" decoding=\"async\" width=\"150\" height=\"150\" src=\"https:\/\/www.klimainitiative-windeck.de\/wp-content\/uploads\/2023\/04\/Filmabend-150x150.jpg\" class=\"attachment-thumbnail size-thumbnail wp-post-image\" alt=\"Mehrere Leute von hinten, die auf eine Leinwand schauen, auf der ein Film l\u00e4uft\" style=\"\" \/><\/div><a class=\"wp-block-latest-posts__post-title\" href=\"https:\/\/www.klimainitiative-windeck.de\/index.php\/2023\/04\/21\/film-abend-am-tag-des-wassers-am-22-03-2023\/\">Film-Abend am Tag des Wassers am 22.03.2023<\/a><div class=\"wp-block-latest-posts__post-excerpt\">Am Abend des Tages des Wassers luden wir zu einem Film-Abend in die Lounge des Biergartens Elmores ein. Neben dem Dokumentarfilm (Hessischer Rundfunk 2022) \u201eDie Ressource Wasser wird knapp\u201c hatten wir Heike Hamann (Betriebsleiterin der Gemeindewerke Windeck) und Dr. Dirk Schulz (Klimaschutzmanager der Gemeinde Windeck) zu Gast. Frau Hamann stellte die Wasserversorgung f\u00fcr Windeck dar,\u2026\u00a0<a class=\"wp-block-latest-posts__read-more\" href=\"https:\/\/www.klimainitiative-windeck.de\/index.php\/2023\/04\/21\/film-abend-am-tag-des-wassers-am-22-03-2023\/\" rel=\"noopener noreferrer\"><span class=\"screen-reader-text\">Film-Abend am Tag des Wassers am 22.03.2023 <\/span>weiterlesen<\/a><\/div><\/li>\n<\/ul>\n\n\n<h2 class=\"wp-block-heading\">Geplante Veranstaltungen<\/h2>\n\n\n<div id=\"vsel\" class=\"vsel-shortcode vsel-shortcode-upcoming-events\"><p class=\"vsel-no-events\">in n\u00e4chster Zeit sind keine Veranstaltungen zum Thema Wasser geplant<\/p><\/div>\n","protected":false},"excerpt":{"rendered":"<p>Allj\u00e4hrlich findet am 22. M\u00e4rz der internationale Tag des Wassers statt. Aus diesem Anlass f\u00fchren wir einige Veranstaltungen durch, um auf die Bedeutung des Wassers f\u00fcr unser Leben aufmerksam zu machen. Seit mehreren Jahren werden Wasserkrisen als eines der gr\u00f6\u00dften globalen Risiken f\u00fcr Wirtschaft und Gesellschaft gelistet, Zusammenh\u00e4nge mit Nahrungsmittelknappheit und mangelnder Anpassung an den [&hellip;]<\/p>\n","protected":false},"author":1,"featured_media":1050,"parent":112,"menu_order":0,"comment_status":"closed","ping_status":"closed","template":"","meta":{"site-sidebar-layout":"default","site-content-layout":"","ast-site-content-layout":"default","site-content-style":"default","site-sidebar-style":"default","ast-global-header-display":"","ast-banner-title-visibility":"","ast-main-header-display":"","ast-hfb-above-header-display":"","ast-hfb-below-header-display":"","ast-hfb-mobile-header-display":"","site-post-title":"","ast-breadcrumbs-content":"","ast-featured-img":"","footer-sml-layout":"","ast-disable-related-posts":"","theme-transparent-header-meta":"","adv-header-id-meta":"","stick-header-meta":"","header-above-stick-meta":"","header-main-stick-meta":"","header-below-stick-meta":"","astra-migrate-meta-layouts":"set","ast-page-background-enabled":"default","ast-page-background-meta":{"desktop":{"background-color":"var(--ast-global-color-4)","background-image":"","background-repeat":"repeat","background-position":"center center","background-size":"auto","background-attachment":"scroll","background-type":"","background-media":"","overlay-type":"","overlay-color":"","overlay-opacity":"","overlay-gradient":""},"tablet":{"background-color":"","background-image":"","background-repeat":"repeat","background-position":"center center","background-size":"auto","background-attachment":"scroll","background-type":"","background-media":"","overlay-type":"","overlay-color":"","overlay-opacity":"","overlay-gradient":""},"mobile":{"background-color":"","background-image":"","background-repeat":"repeat","background-position":"center center","background-size":"auto","background-attachment":"scroll","background-type":"","background-media":"","overlay-type":"","overlay-color":"","overlay-opacity":"","overlay-gradient":""}},"ast-content-background-meta":{"desktop":{"background-color":"var(--ast-global-color-5)","background-image":"","background-repeat":"repeat","background-position":"center center","background-size":"auto","background-attachment":"scroll","background-type":"","background-media":"","overlay-type":"","overlay-color":"","overlay-opacity":"","overlay-gradient":""},"tablet":{"background-color":"var(--ast-global-color-5)","background-image":"","background-repeat":"repeat","background-position":"center center","background-size":"auto","background-attachment":"scroll","background-type":"","background-media":"","overlay-type":"","overlay-color":"","overlay-opacity":"","overlay-gradient":""},"mobile":{"background-color":"var(--ast-global-color-5)","background-image":"","background-repeat":"repeat","background-position":"center center","background-size":"auto","background-attachment":"scroll","background-type":"","background-media":"","overlay-type":"","overlay-color":"","overlay-opacity":"","overlay-gradient":""}},"footnotes":""},"class_list":["post-1029","page","type-page","status-publish","has-post-thumbnail","hentry"],"_links":{"self":[{"href":"https:\/\/www.klimainitiative-windeck.de\/index.php\/wp-json\/wp\/v2\/pages\/1029","targetHints":{"allow":["GET"]}}],"collection":[{"href":"https:\/\/www.klimainitiative-windeck.de\/index.php\/wp-json\/wp\/v2\/pages"}],"about":[{"href":"https:\/\/www.klimainitiative-windeck.de\/index.php\/wp-json\/wp\/v2\/types\/page"}],"author":[{"embeddable":true,"href":"https:\/\/www.klimainitiative-windeck.de\/index.php\/wp-json\/wp\/v2\/users\/1"}],"replies":[{"embeddable":true,"href":"https:\/\/www.klimainitiative-windeck.de\/index.php\/wp-json\/wp\/v2\/comments?post=1029"}],"version-history":[{"count":0,"href":"https:\/\/www.klimainitiative-windeck.de\/index.php\/wp-json\/wp\/v2\/pages\/1029\/revisions"}],"up":[{"embeddable":true,"href":"https:\/\/www.klimainitiative-windeck.de\/index.php\/wp-json\/wp\/v2\/pages\/112"}],"wp:featuredmedia":[{"embeddable":true,"href":"https:\/\/www.klimainitiative-windeck.de\/index.php\/wp-json\/wp\/v2\/media\/1050"}],"wp:attachment":[{"href":"https:\/\/www.klimainitiative-windeck.de\/index.php\/wp-json\/wp\/v2\/media?parent=1029"}],"curies":[{"name":"wp","href":"https:\/\/api.w.org\/{rel}","templated":true}]}}