{"id":108,"date":"2022-01-11T16:08:27","date_gmt":"2022-01-11T15:08:27","guid":{"rendered":"https:\/\/www.klimainitiative-windeck.de\/?page_id=108"},"modified":"2025-11-02T19:01:58","modified_gmt":"2025-11-02T18:01:58","slug":"konsum","status":"publish","type":"page","link":"https:\/\/www.klimainitiative-windeck.de\/index.php\/themen\/konsum\/","title":{"rendered":"Konsum"},"content":{"rendered":"\n<p>Ein Motto unserer Konsumwende-Gruppe lautet \u201eWeniger ist mehr\u201c. Es geht um das Thema Nachhaltigkeit und den Umgang mit Alltagsdingen beim Einkauf, im t\u00e4glichen Leben und in der Freizeit.&nbsp;&nbsp;<\/p>\n\n\n\n<p>\u201eGebraucht statt neu sch\u00fctzt das Klima\u201c unter diesem Motto fanden bereits mehrere Flohmarktverk\u00e4ufe beim \u201eFlohmarkt am Wasserfall\u201c bei Elmores\/ Kabelmetal statt \u2013 sehr erfolgreich.&nbsp;Die Erl\u00f6se aus dem Verkauf der gespendeten Gegenst\u00e4nde werden f\u00fcr Aktionen der Klimainitiative genutzt.<\/p>\n\n\n\n<p>Die Gruppe will sich aber auch mit Projekten zum Selbstherstellen von Reinigungsmitteln im Haushalt, veganem Kochen und Backen (auch mit Kindern) oder basteln und werken mit Kindern (Upcycling), Plastik vermeiden besch\u00e4ftigen.<\/p>\n\n\n\n<p>Im Jahr 2023 haben wir zum ersten Mal mehrere Aktionen zum <a href=\"https:\/\/www.klimainitiative-windeck.de\/index.php\/projekte\/tag-des-wassers\/\" data-type=\"page\" data-id=\"1029\">Tag des Wassers<\/a> veranstaltet.<\/p>\n\n\n\n<p>Seit 2022 haben wir eine Tauschb\u00f6rse &#8211; <a href=\"https:\/\/www.klimainitiative-windeck.de\/index.php\/projekte\/teilbar\/\" data-type=\"page\" data-id=\"120\">Unsere TeilBar<\/a>.<\/p>\n\n\n\n<p>Ein weiteres Vorhaben ist, zu gemeinsamen M\u00fcllsammel-Aktionen aufzurufen. Auch Kindergruppen sollen fr\u00fchzeitig daf\u00fcr sensibilisiert werden, M\u00fcll zu vermeiden, und wenn dies nicht geht, den M\u00fcll m\u00f6glichst zu recyceln.<\/p>\n\n\n\n<p>Bei unseren Treffen bereiten wir Aktionen vor und sammeln weitere Ideen, wie wir dazu beitragen k\u00f6nnen, dass unser Klima gesch\u00fctzt wird.<\/p>\n\n\n\n<p>Es gibt viel zu tun!<\/p>\n\n\n\n<h2 class=\"wp-block-heading\">Weitere Beitr\u00e4ge zum Thema Konsum<\/h2>\n\n\n<div id=\"vsel\" class=\"vsel-shortcode vsel-shortcode-upcoming-events\"><div id=\"event-1780\" class=\"vsel-content konsum sonstige-veranstaltung vsel-upcoming vsel-future\"><h3 class=\"vsel-meta-title\"><a href=\"https:\/\/www.klimainitiative-windeck.de\/index.php\/event\/kleidertauschparty-fuer-frauen-2\/\" rel=\"bookmark\" title=\"Kleidertauschparty f\u00fcr Frauen\">Kleidertauschparty f\u00fcr Frauen<\/a><\/h3><div class=\"vsel-meta vsel-alignleft\" style=\"width:33%;\"><div class=\"vsel-meta-combine\"><div class=\"vsel-meta-date-icon vsel-meta-single-date-icon\"><div class=\"vsel-start-icon\"><span class=\"vsel-month vsel-month-top\">Mai<\/span><span class=\"vsel-day\">30<\/span><span class=\"vsel-year\">2026<\/span><\/div><\/div><div class=\"vsel-meta-time\">Uhrzeit: <span>14 - 17 Uhr<\/span><\/div><div class=\"vsel-meta-location\">Ort: <span>B\u00fcrgerzentrum \"B\u00fcZe\" Dattenfeld, Dreifelder Kirchweg 3, 51570 Windeck<\/span><\/div><\/div><\/div><div class=\"vsel-info vsel-alignright\" style=\"width:63%;\"><figure class=\"vsel-image vsel-alignleft\" style=\"max-width:40%;\"><a href=\"https:\/\/www.klimainitiative-windeck.de\/index.php\/event\/kleidertauschparty-fuer-frauen-2\/\" rel=\"bookmark\"><img loading=\"lazy\" decoding=\"async\" width=\"150\" height=\"150\" src=\"https:\/\/www.klimainitiative-windeck.de\/wp-content\/uploads\/2026\/03\/Kleidertauschbild3-150x150.jpg\" class=\"vsel-image-img wp-post-image\" alt=\"Kleidertauschbild3\" \/><\/a><\/figure><div class=\"vsel-text\"><p>Anl\u00e4sslich des Stadt-Land-Fluss-Festivals 2026 veranstalten wir zum vierten Mal eine kostenlose Kleidertauschparty f\u00fcr Frauen. So funktioniert&#8217;\u00ads: Du bringst gewaschene und gut erhaltene, saisonale Kleidungsst\u00fccke mit. Die Kleidung sollte so sein, dass man sie seiner besten Freundin geben w\u00fcrde. Mitgebracht werden k\u00f6nnen bis zu 10 Kleidungsst\u00fccke (inklusive Schuhpaare!); auch Schmuck, T\u00fccher und andere Accessoires k\u00f6nnen mitgebracht [&hellip;]<\/p>\n<\/div><\/div><\/div><div class=\"vsel-nav-numeric\"><\/div><\/div>\n\n\n<ul class=\"wp-block-latest-posts__list wp-block-latest-posts\"><li><div class=\"wp-block-latest-posts__featured-image alignleft\"><img loading=\"lazy\" decoding=\"async\" width=\"150\" height=\"150\" src=\"https:\/\/www.klimainitiative-windeck.de\/wp-content\/uploads\/2025\/10\/Aufstriche_alle-150x150.jpg\" class=\"attachment-thumbnail size-thumbnail wp-post-image\" alt=\"Auf einem Teller sind mehrere kleine Scheiben Brot, jeweils mit einem anderen Aufstrich.\" style=\"\" \/><\/div><a class=\"wp-block-latest-posts__post-title\" href=\"https:\/\/www.klimainitiative-windeck.de\/index.php\/2025\/10\/08\/viele-leckere-aufstriche\/\">Viele leckere Aufstriche<\/a><div class=\"wp-block-latest-posts__post-excerpt\">Im Rahmen der Aktionstage Nachhaltigkeit, die 2025 unter dem Motto &#8222;Kann man Zukunft essen?&#8220; standen, hatten wir am 30.09.2025 zum Probieren verschiedener veganer Aufstriche eingeladen. Insgesamt 7 verschiedene selbstgemachte Aufstriche standen zum Probieren bereit. Ob herzhaft oder s\u00fc\u00df, fruchtig oder\u2026\u00a0<a class=\"wp-block-latest-posts__read-more\" href=\"https:\/\/www.klimainitiative-windeck.de\/index.php\/2025\/10\/08\/viele-leckere-aufstriche\/\" rel=\"noopener noreferrer\"><span class=\"screen-reader-text\">Viele leckere Aufstriche <\/span>weiterlesen<\/a><\/div><\/li>\n<li><div class=\"wp-block-latest-posts__featured-image alignleft\"><img loading=\"lazy\" decoding=\"async\" width=\"150\" height=\"150\" src=\"https:\/\/www.klimainitiative-windeck.de\/wp-content\/uploads\/2025\/01\/Vortrag_Schmitz-150x150.jpg\" class=\"attachment-thumbnail size-thumbnail wp-post-image\" alt=\"Der Blick aus dem Publikum auf die Vortragende und die Leinwand.\" style=\"\" \/><\/div><a class=\"wp-block-latest-posts__post-title\" href=\"https:\/\/www.klimainitiative-windeck.de\/index.php\/2025\/01\/07\/13-schweine-auf-einem-parkplatz\/\">&#8222;13 Schweine auf einem Parkplatz&#8220;<\/a><div class=\"wp-block-latest-posts__post-excerpt\">Landwirtschaft und Ern\u00e4hrung der Zukunft Im Rahmen unserer Veranstaltungen zu den Deutschen Aktionstagen Nachhaltigkeit hatten wir am 26. September 2024 Dr. Friederike Schmitz mit einem Vortrag zum Thema \u201eLandwirtschaft und Ern\u00e4hrung der Zukunft\u201c in Windeck zu Gast. Die Veranstaltung wurde\u2026\u00a0<a class=\"wp-block-latest-posts__read-more\" href=\"https:\/\/www.klimainitiative-windeck.de\/index.php\/2025\/01\/07\/13-schweine-auf-einem-parkplatz\/\" rel=\"noopener noreferrer\"><span class=\"screen-reader-text\">&#8222;13 Schweine auf einem Parkplatz&#8220; <\/span>weiterlesen<\/a><\/div><\/li>\n<li><div class=\"wp-block-latest-posts__featured-image alignleft\"><img loading=\"lazy\" decoding=\"async\" width=\"150\" height=\"150\" src=\"https:\/\/www.klimainitiative-windeck.de\/wp-content\/uploads\/2024\/09\/Aktionstage_logo-150x150.jpg\" class=\"attachment-thumbnail size-thumbnail wp-post-image\" alt=\"Logo der Deutschen Aktionstage Nachhaltigkeit 2024\" style=\"\" \/><\/div><a class=\"wp-block-latest-posts__post-title\" href=\"https:\/\/www.klimainitiative-windeck.de\/index.php\/2024\/09\/04\/aktionstage-nachhaltigkeit-2024-wir-laden-ein\/\">Aktionstage Nachhaltigkeit 2024 &#8211; Wir laden ein!<\/a><div class=\"wp-block-latest-posts__post-excerpt\">Dieses Jahr beteiligen wir uns zum ersten Mal an den Deutschen Aktionstagen Nachhaltigkeit. Neben einer Reihe von Veranstaltungen, die wir auch die letzten Jahre schon im Rahmen der Europ\u00e4ischen Mobilit\u00e4tswoche organisierten, laden wir nun auch zu Veranstaltungen zu den Themenfelder\u2026\u00a0<a class=\"wp-block-latest-posts__read-more\" href=\"https:\/\/www.klimainitiative-windeck.de\/index.php\/2024\/09\/04\/aktionstage-nachhaltigkeit-2024-wir-laden-ein\/\" rel=\"noopener noreferrer\"><span class=\"screen-reader-text\">Aktionstage Nachhaltigkeit 2024 &#8211; Wir laden ein! <\/span>weiterlesen<\/a><\/div><\/li>\n<li><div class=\"wp-block-latest-posts__featured-image alignleft\"><img loading=\"lazy\" decoding=\"async\" width=\"150\" height=\"150\" src=\"https:\/\/www.klimainitiative-windeck.de\/wp-content\/uploads\/2024\/02\/Plastikfasten2_breit-150x150.jpg\" class=\"attachment-thumbnail size-thumbnail wp-post-image\" alt=\"Draufsicht auf verschiedene Lebensmittel, die nebeneinander liegen\" style=\"\" \/><\/div><a class=\"wp-block-latest-posts__post-title\" href=\"https:\/\/www.klimainitiative-windeck.de\/index.php\/2024\/02\/01\/plastikfasten\/\">Plastikfasten<\/a><div class=\"wp-block-latest-posts__post-excerpt\">Weltweit werden j\u00e4hrlich gesch\u00e4tzt 200 bis zu 250 Millionen Tonnen Plastik hergestellt. Ein knappes Viertel des weltweiten Plastikverbrauchs geht auf das Konto von Europa. In Deutschland fallen pro Kopf und Jahr 37 Kilogramm Kunststoffverpackungen an, das liegt deutlich \u00fcber dem\u2026\u00a0<a class=\"wp-block-latest-posts__read-more\" href=\"https:\/\/www.klimainitiative-windeck.de\/index.php\/2024\/02\/01\/plastikfasten\/\" rel=\"noopener noreferrer\"><span class=\"screen-reader-text\">Plastikfasten <\/span>weiterlesen<\/a><\/div><\/li>\n<li><div class=\"wp-block-latest-posts__featured-image alignleft\"><img loading=\"lazy\" decoding=\"async\" width=\"150\" height=\"150\" src=\"https:\/\/www.klimainitiative-windeck.de\/wp-content\/uploads\/2023\/06\/Muellsammeln-150x150.jpg\" class=\"attachment-thumbnail size-thumbnail wp-post-image\" alt=\"Die Kinder und die begleitenden Erwachsenen mit den zwei vollen M\u00fcllbeuteln.\" style=\"\" \/><\/div><a class=\"wp-block-latest-posts__post-title\" href=\"https:\/\/www.klimainitiative-windeck.de\/index.php\/2023\/06\/26\/regenbogenland-und-klimainitiative-auf-muellsuche\/\">Regenbogenland und KlimaInitiative auf M\u00fcllsuche<\/a><div class=\"wp-block-latest-posts__post-excerpt\">Nachdem die Vorschulkinder schon im M\u00e4rz bei der M\u00fcllsammelaktion der Gemeinde mitgemacht hatten, war die Freude gro\u00df, erneut M\u00fcll sammeln zu gehen. So machten sich ein paar Personen der KlimaInitiative Windeck mit Mitarbeiterinnen und Kindern aus dem Regenbogenland auf den\u2026\u00a0<a class=\"wp-block-latest-posts__read-more\" href=\"https:\/\/www.klimainitiative-windeck.de\/index.php\/2023\/06\/26\/regenbogenland-und-klimainitiative-auf-muellsuche\/\" rel=\"noopener noreferrer\"><span class=\"screen-reader-text\">Regenbogenland und KlimaInitiative auf M\u00fcllsuche <\/span>weiterlesen<\/a><\/div><\/li>\n<li><div class=\"wp-block-latest-posts__featured-image alignleft\"><img loading=\"lazy\" decoding=\"async\" width=\"150\" height=\"150\" src=\"https:\/\/www.klimainitiative-windeck.de\/wp-content\/uploads\/2023\/04\/Talsperre_1-150x150.jpg\" class=\"attachment-thumbnail size-thumbnail wp-post-image\" alt=\"Ein metallisches Bauteil (die Turbine) im Vordergrund und mehrere Menschen im Hintergrund, die stehend in der Turbine Platz h\u00e4tten.\" style=\"\" \/><\/div><a class=\"wp-block-latest-posts__post-title\" href=\"https:\/\/www.klimainitiative-windeck.de\/index.php\/2023\/04\/21\/besuch-der-wahnbachtalsperre\/\">Besuch der Wahnbachtalsperre<\/a><div class=\"wp-block-latest-posts__post-excerpt\">Die KlimaInitiative Windeck lud zu einem Besuch der Wahnbachtalsperre am 17. M\u00e4rz 2023 ein. 15 Interessierte sind der Einladung gefolgt und trafen sich am Nachmittag bei der Wahnbachtalsperre um anschlie\u00dfend eine \u00e4u\u00dferst spannende und informative F\u00fchrung durch die Anlage zu\u2026\u00a0<a class=\"wp-block-latest-posts__read-more\" href=\"https:\/\/www.klimainitiative-windeck.de\/index.php\/2023\/04\/21\/besuch-der-wahnbachtalsperre\/\" rel=\"noopener noreferrer\"><span class=\"screen-reader-text\">Besuch der Wahnbachtalsperre <\/span>weiterlesen<\/a><\/div><\/li>\n<\/ul>\n\n\n<p class=\"has-text-align-center\"><a href=\"https:\/\/www.klimainitiative-windeck.de\/index.php\/category\/aktuelles\/konsum\/\" data-type=\"category\" data-id=\"6\">Alle Beitr\u00e4ge zu &#8222;Konsum&#8220; anzeigen<\/a><\/p>\n","protected":false},"excerpt":{"rendered":"<p>Ein Motto unserer Konsumwende-Gruppe lautet \u201eWeniger ist mehr\u201c. Es geht um das Thema Nachhaltigkeit und den Umgang mit Alltagsdingen beim Einkauf, im t\u00e4glichen Leben und in der Freizeit.&nbsp;&nbsp; \u201eGebraucht statt neu sch\u00fctzt das Klima\u201c unter diesem Motto fanden bereits mehrere Flohmarktverk\u00e4ufe beim \u201eFlohmarkt am Wasserfall\u201c bei Elmores\/ Kabelmetal statt \u2013 sehr erfolgreich.&nbsp;Die Erl\u00f6se aus dem [&hellip;]<\/p>\n","protected":false},"author":1,"featured_media":672,"parent":114,"menu_order":0,"comment_status":"closed","ping_status":"closed","template":"","meta":{"site-sidebar-layout":"default","site-content-layout":"boxed-container","ast-site-content-layout":"normal-width-container","site-content-style":"boxed","site-sidebar-style":"boxed","ast-global-header-display":"","ast-banner-title-visibility":"","ast-main-header-display":"","ast-hfb-above-header-display":"","ast-hfb-below-header-display":"","ast-hfb-mobile-header-display":"","site-post-title":"","ast-breadcrumbs-content":"","ast-featured-img":"","footer-sml-layout":"","ast-disable-related-posts":"","theme-transparent-header-meta":"","adv-header-id-meta":"","stick-header-meta":"","header-above-stick-meta":"","header-main-stick-meta":"","header-below-stick-meta":"","astra-migrate-meta-layouts":"set","ast-page-background-enabled":"default","ast-page-background-meta":{"desktop":{"background-color":"var(--ast-global-color-4)","background-image":"","background-repeat":"repeat","background-position":"center center","background-size":"auto","background-attachment":"scroll","background-type":"","background-media":"","overlay-type":"","overlay-color":"","overlay-opacity":"","overlay-gradient":""},"tablet":{"background-color":"","background-image":"","background-repeat":"repeat","background-position":"center center","background-size":"auto","background-attachment":"scroll","background-type":"","background-media":"","overlay-type":"","overlay-color":"","overlay-opacity":"","overlay-gradient":""},"mobile":{"background-color":"","background-image":"","background-repeat":"repeat","background-position":"center center","background-size":"auto","background-attachment":"scroll","background-type":"","background-media":"","overlay-type":"","overlay-color":"","overlay-opacity":"","overlay-gradient":""}},"ast-content-background-meta":{"desktop":{"background-color":"var(--ast-global-color-5)","background-image":"","background-repeat":"repeat","background-position":"center center","background-size":"auto","background-attachment":"scroll","background-type":"","background-media":"","overlay-type":"","overlay-color":"","overlay-opacity":"","overlay-gradient":""},"tablet":{"background-color":"var(--ast-global-color-5)","background-image":"","background-repeat":"repeat","background-position":"center center","background-size":"auto","background-attachment":"scroll","background-type":"","background-media":"","overlay-type":"","overlay-color":"","overlay-opacity":"","overlay-gradient":""},"mobile":{"background-color":"var(--ast-global-color-5)","background-image":"","background-repeat":"repeat","background-position":"center center","background-size":"auto","background-attachment":"scroll","background-type":"","background-media":"","overlay-type":"","overlay-color":"","overlay-opacity":"","overlay-gradient":""}},"footnotes":""},"class_list":["post-108","page","type-page","status-publish","has-post-thumbnail","hentry"],"_links":{"self":[{"href":"https:\/\/www.klimainitiative-windeck.de\/index.php\/wp-json\/wp\/v2\/pages\/108","targetHints":{"allow":["GET"]}}],"collection":[{"href":"https:\/\/www.klimainitiative-windeck.de\/index.php\/wp-json\/wp\/v2\/pages"}],"about":[{"href":"https:\/\/www.klimainitiative-windeck.de\/index.php\/wp-json\/wp\/v2\/types\/page"}],"author":[{"embeddable":true,"href":"https:\/\/www.klimainitiative-windeck.de\/index.php\/wp-json\/wp\/v2\/users\/1"}],"replies":[{"embeddable":true,"href":"https:\/\/www.klimainitiative-windeck.de\/index.php\/wp-json\/wp\/v2\/comments?post=108"}],"version-history":[{"count":0,"href":"https:\/\/www.klimainitiative-windeck.de\/index.php\/wp-json\/wp\/v2\/pages\/108\/revisions"}],"up":[{"embeddable":true,"href":"https:\/\/www.klimainitiative-windeck.de\/index.php\/wp-json\/wp\/v2\/pages\/114"}],"wp:featuredmedia":[{"embeddable":true,"href":"https:\/\/www.klimainitiative-windeck.de\/index.php\/wp-json\/wp\/v2\/media\/672"}],"wp:attachment":[{"href":"https:\/\/www.klimainitiative-windeck.de\/index.php\/wp-json\/wp\/v2\/media?parent=108"}],"curies":[{"name":"wp","href":"https:\/\/api.w.org\/{rel}","templated":true}]}}