{"id":1112,"date":"2023-06-21T08:45:42","date_gmt":"2023-06-21T06:45:42","guid":{"rendered":"https:\/\/www.klimainitiative-windeck.de\/?page_id=1112"},"modified":"2023-07-09T17:39:18","modified_gmt":"2023-07-09T15:39:18","slug":"windpark-nutscheid","status":"publish","type":"page","link":"https:\/\/www.klimainitiative-windeck.de\/index.php\/projekte\/windpark-nutscheid\/","title":{"rendered":"Windpark Nutscheid"},"content":{"rendered":"\n<p>Die Klimainitiative versucht aktiv den Anteil der Erneuerbaren Energien im L\u00e4ndchen (s. aktuelle <a href=\"https:\/\/www.klimainitiative-windeck.de\/index.php\/themen\/energie\/\" data-type=\"page\" data-id=\"104\">Situation<\/a>) zu erh\u00f6hen. Seit Anfang 2022 arbeitet die Windgruppe daran, alle notwendigen Akteure zusammenzubringen. Hier finden Sie Informationen zum Stand der Aktivit\u00e4ten.<\/p>\n\n\n\n<div id=\"ez-toc-container\" class=\"ez-toc-v2_0_82_2 counter-hierarchy ez-toc-counter ez-toc-light-blue ez-toc-container-direction\">\n<div class=\"ez-toc-title-container\">\n<p class=\"ez-toc-title\" style=\"cursor:inherit\">Inhaltsverzeichnis<\/p>\n<span class=\"ez-toc-title-toggle\"><a href=\"#\" class=\"ez-toc-pull-right ez-toc-btn ez-toc-btn-xs ez-toc-btn-default ez-toc-toggle\" aria-label=\"Toggle Table of Content\"><span class=\"ez-toc-js-icon-con\"><span class=\"\"><span class=\"eztoc-hide\" style=\"display:none;\">Toggle<\/span><span class=\"ez-toc-icon-toggle-span\"><svg style=\"fill: #999;color:#999\" xmlns=\"http:\/\/www.w3.org\/2000\/svg\" class=\"list-377408\" width=\"20px\" height=\"20px\" viewBox=\"0 0 24 24\" fill=\"none\"><path d=\"M6 6H4v2h2V6zm14 0H8v2h12V6zM4 11h2v2H4v-2zm16 0H8v2h12v-2zM4 16h2v2H4v-2zm16 0H8v2h12v-2z\" fill=\"currentColor\"><\/path><\/svg><svg style=\"fill: #999;color:#999\" class=\"arrow-unsorted-368013\" xmlns=\"http:\/\/www.w3.org\/2000\/svg\" width=\"10px\" height=\"10px\" viewBox=\"0 0 24 24\" version=\"1.2\" baseProfile=\"tiny\"><path d=\"M18.2 9.3l-6.2-6.3-6.2 6.3c-.2.2-.3.4-.3.7s.1.5.3.7c.2.2.4.3.7.3h11c.3 0 .5-.1.7-.3.2-.2.3-.5.3-.7s-.1-.5-.3-.7zM5.8 14.7l6.2 6.3 6.2-6.3c.2-.2.3-.5.3-.7s-.1-.5-.3-.7c-.2-.2-.4-.3-.7-.3h-11c-.3 0-.5.1-.7.3-.2.2-.3.5-.3.7s.1.5.3.7z\"\/><\/svg><\/span><\/span><\/span><\/a><\/span><\/div>\n<nav><ul class='ez-toc-list ez-toc-list-level-1 ' ><li class='ez-toc-page-1 ez-toc-heading-level-2'><a class=\"ez-toc-link ez-toc-heading-1\" href=\"https:\/\/www.klimainitiative-windeck.de\/index.php\/projekte\/windpark-nutscheid\/#Geplanter_Windpark_in_der_Nutscheid_in_dem_Bereich_RuppichterothWindeckWaldbroel\" >Geplanter Windpark in der Nutscheid in dem Bereich Ruppichteroth\/Windeck\/Waldbr\u00f6l<\/a><ul class='ez-toc-list-level-3' ><li class='ez-toc-heading-level-3'><a class=\"ez-toc-link ez-toc-heading-2\" href=\"https:\/\/www.klimainitiative-windeck.de\/index.php\/projekte\/windpark-nutscheid\/#Ausgangslage\" >Ausgangslage<\/a><\/li><li class='ez-toc-page-1 ez-toc-heading-level-3'><a class=\"ez-toc-link ez-toc-heading-3\" href=\"https:\/\/www.klimainitiative-windeck.de\/index.php\/projekte\/windpark-nutscheid\/#Projekt\" >Projekt<\/a><\/li><li class='ez-toc-page-1 ez-toc-heading-level-3'><a class=\"ez-toc-link ez-toc-heading-4\" href=\"https:\/\/www.klimainitiative-windeck.de\/index.php\/projekte\/windpark-nutscheid\/#Fortschritt_des_Projekts\" >Fortschritt des Projekts<\/a><\/li><\/ul><\/li><li class='ez-toc-page-1 ez-toc-heading-level-2'><a class=\"ez-toc-link ez-toc-heading-5\" href=\"https:\/\/www.klimainitiative-windeck.de\/index.php\/projekte\/windpark-nutscheid\/#FAQ\" >FAQ<\/a><ul class='ez-toc-list-level-3' ><li class='ez-toc-heading-level-3'><a class=\"ez-toc-link ez-toc-heading-6\" href=\"https:\/\/www.klimainitiative-windeck.de\/index.php\/projekte\/windpark-nutscheid\/#Sind_Windenergieanlagen_schuld_am_Insektensterben\" >Sind Windenergieanlagen schuld am Insektensterben?<\/a><\/li><li class='ez-toc-page-1 ez-toc-heading-level-3'><a class=\"ez-toc-link ez-toc-heading-7\" href=\"https:\/\/www.klimainitiative-windeck.de\/index.php\/projekte\/windpark-nutscheid\/#Warum_wird_in_Windenergieanlagen_das_hochgradig_klimaschaedliche_Gas_SF6_verwendet\" >Warum wird in Windenergieanlagen das hochgradig klimasch\u00e4dliche Gas SF6 verwendet?<\/a><\/li><li class='ez-toc-page-1 ez-toc-heading-level-3'><a class=\"ez-toc-link ez-toc-heading-8\" href=\"https:\/\/www.klimainitiative-windeck.de\/index.php\/projekte\/windpark-nutscheid\/#Gibt_es_genuegend_Wasser_fuer_die_Elektrolyse_zur_Erzeugung_von_Wasserstoff\" >Gibt es gen\u00fcgend Wasser f\u00fcr die Elektrolyse zur Erzeugung von Wasserstoff?<\/a><\/li><\/ul><\/li><li class='ez-toc-page-1 ez-toc-heading-level-2'><a class=\"ez-toc-link ez-toc-heading-9\" href=\"https:\/\/www.klimainitiative-windeck.de\/index.php\/projekte\/windpark-nutscheid\/#Weitere_Beitraege_zum_Thema_Windpark_Nutscheid\" >Weitere Beitr\u00e4ge zum Thema Windpark Nutscheid<\/a><\/li><li class='ez-toc-page-1 ez-toc-heading-level-2'><a class=\"ez-toc-link ez-toc-heading-10\" href=\"https:\/\/www.klimainitiative-windeck.de\/index.php\/projekte\/windpark-nutscheid\/#Geplante_Veranstaltungen\" >Geplante Veranstaltungen<\/a><\/li><\/ul><\/nav><\/div>\n<h2 class=\"wp-block-heading\"><span class=\"ez-toc-section\" id=\"Geplanter_Windpark_in_der_Nutscheid_in_dem_Bereich_RuppichterothWindeckWaldbroel\"><\/span><strong>Geplanter Windpark in der Nutscheid in dem Bereich Ruppichteroth\/Windeck\/Waldbr\u00f6l<\/strong><span class=\"ez-toc-section-end\"><\/span><\/h2>\n\n\n\n<h3 class=\"wp-block-heading\"><span class=\"ez-toc-section\" id=\"Ausgangslage\"><\/span><strong>Ausgangslage<\/strong><span class=\"ez-toc-section-end\"><\/span><\/h3>\n\n\n\n<p>Der \u00fcberall sichtbare und sp\u00fcrbare Klimawandel erfordert eine schnelle Energiewende weg von fossilen Energietr\u00e4gern. Der Ukraine-Krieg hat die Abh\u00e4ngigkeit von Gas und \u00d6l aus Russland offenbart und die Energiepreise so in die H\u00f6he getrieben, dass eine deutlich zunehmende Selbstversorgung mit Energie mittlerweile von gro\u00dfen Teilen der Bev\u00f6lkerung als notwendig erachtet wird. In Windeck wird bisher nur ein minimaler Teil des Energieverbrauchs erneuerbar erzeugt.<\/p>\n\n\n\n<p>Nach einer Studie des Umweltbundesamtes von 2021 liegt die energetische Amortisationszeit von Windr\u00e4dern unter einem Jahr, d.h. nach noch nicht einmal einem Betriebsjahr ist der Strom schon wieder erzeugt, der f\u00fcr den Bau des Windrades eingebracht wurde. Sonne und Wind sind die preiswertesten Stromproduzenten.<\/p>\n\n\n\n<p>Nachdem in den vergangenen Jahren fast s\u00e4mtliche Fichtenbest\u00e4nde auf dem H\u00f6henzug der Nutscheid durch Trockenheit und Borkenk\u00e4ferbefall abgestorben sind, entstanden nach den Notf\u00e4llungen durch Wald und Holz sowie privaten Waldbesitzern in signifikantem Ma\u00dfe Kalamit\u00e4tsfl\u00e4chen. Teile davon k\u00f6nnten nun ideal der Windenergieerzeugung dienen \u2013 w\u00e4hrend naturn\u00e4herer Wald darunter wieder aufwachsen kann.<\/p>\n\n\n\n<h3 class=\"wp-block-heading\"><span class=\"ez-toc-section\" id=\"Projekt\"><\/span><strong>Projekt<\/strong><span class=\"ez-toc-section-end\"><\/span><\/h3>\n\n\n\n<p>Das Projekt \u201aWindpark in der Nutscheid\u2018 entstand 2021 durch eine Initiative engagierter Windecker B\u00fcrgerinnen und B\u00fcrger mit dem Ziel, <strong>aktiv<\/strong> die Energiewende voranzubringen. Die geeignetsten weil windh\u00f6ffigsten Standorte f\u00fcr Windenergieanlagen in der Region befinden sich auf den H\u00f6henz\u00fcgen \u2013 wie der Nutscheid. Da dort die Gemeindegrenzen Windeck\/Ruppichteroth\/Waldbr\u00f6l verlaufen, bietet sich eine interkommunale Zusammenarbeit an. In diesem Gebiet sind auf einer H\u00f6he von 300 \u2013 350 Meter \u00fcber N.N. nach einem Entwurf einer Projektierungsfirma insgesamt ca. 7 Anlagen mit einer Kapazit\u00e4t von jeweils mindestens 6,2 MW m\u00f6glich.<\/p>\n\n\n\n<p>Auf Windecker Seite wurden diese Gebiete zudem bereits von der Gemeinde als Wind-Potenzialfl\u00e4chen ausgewiesen. Hier sind die Fl\u00e4chen im Besitz des Landesbetriebes Wald und Holz NRW. In der Gemeinde Ruppichteroth ist einer von zweien, und auf dem Gebiet der Stadt Waldbr\u00f6l sind zwei m\u00f6gliche Standorte in Privatbesitz.<\/p>\n\n\n\n<p>An diesem Windpark sollen die B\u00fcrger*innen aus der Region profitieren. Wenn sie \u00fcber eine Genossenschaft in den Windpark investieren, profitieren nicht nur sie selbst, sondern durch die gezahlte Gewerbesteuer und kommunale Umsatzbeteiligung auch ihre Heimatgemeinde, die so finanzielle Spielr\u00e4ume erh\u00e4lt.<\/p>\n\n\n\n<h3 class=\"wp-block-heading\"><span class=\"ez-toc-section\" id=\"Fortschritt_des_Projekts\"><\/span><strong>Fortschritt des Projekts<\/strong><span class=\"ez-toc-section-end\"><\/span><\/h3>\n\n\n\n<p>Am 25.05.2022 hatten wir zu einer Ortsbegehung mit allen B\u00fcrgermeister*innen, zust\u00e4ndigen Verwaltungsmitarbeiter*innen, Regional- und Landesmitarbeitern von Wald und Holz, Konzeptentwicklern und Bauleitern einer Projektierungsfirma eingeladen, die bereits vor mehr als 10 Jahren diesen Bereich beplant hatte. Bei der anschlie\u00dfenden Besprechung wurde von allen Seiten gro\u00dfes Interesse an der Umsetzung dieses Projektes bekundet, die Planung erl\u00e4utert und \u00fcberlegt, wie Hemmnisse beseitigt werden k\u00f6nnen.<\/p>\n\n\n\n<p>In den folgenden Monaten haben wir Informationsveranstaltungen f\u00fcr Fraktionen, Ratsmitglieder und Grundst\u00fcckseigent\u00fcmer in allen 3 Kommunen durchgef\u00fchrt. Auch dort gab es einhellige Zustimmung. In der Gemeinde Windeck hat sich der Rat in diesem Fr\u00fchjahr einstimmig f\u00fcr eine Windenergie-Nutzung in der Nutscheid ausgesprochen. Sowohl Bundes- als auch Landesregierung wollen einen z\u00fcgigen, beschleunigten Ausbau der Windkraft an Land in Deutschland ansto\u00dfen.<\/p>\n\n\n\n<p>Mittlerweile steht eine Projektierungsfirma in Pacht-Verhandlungen mit den privaten Grundbesitzern.<\/p>\n\n\n\n<p>Alle politischen Gremien bef\u00fcrworten den Windpark, wie auch alle Grundst\u00fccksbesitzer; anscheinend bestehen aber derzeit unbekannte Hemmnisse innerhalb des Landwirtschaftsministeriums, die den Umsetzungsprozess f\u00fcr Wald und Holz und ihre Fl\u00e4chen in Windeck blockieren.<\/p>\n\n\n\n<p>Daher wird voraussichtlich statt mit 7 zun\u00e4chst nur mit 3 Windanlagen geplant, um diese dann sp\u00e4ter erweitern zu k\u00f6nnen.<\/p>\n\n\n\n<h2 class=\"wp-block-heading\"><span class=\"ez-toc-section\" id=\"FAQ\"><\/span>FAQ<span class=\"ez-toc-section-end\"><\/span><\/h2>\n\n\n\n<h3 class=\"wp-block-heading\"><span class=\"ez-toc-section\" id=\"Sind_Windenergieanlagen_schuld_am_Insektensterben\"><\/span>Sind Windenergieanlagen schuld am Insektensterben?<span class=\"ez-toc-section-end\"><\/span><\/h3>\n\n\n\n<p>Der Bundesverband der Windenergie bietet zu dieser Frage ein <a href=\"https:\/\/www.wind-energie.de\/fileadmin\/redaktion\/dokumente\/publikationen-oeffentlich\/themen\/01-mensch-und-umwelt\/03-naturschutz\/20190313_Infopapier_Windenergie_Insekten.pdf\">Infopapier zum Insektensterben als PDF zum Download <\/a>(abgerufen am 09.07.2023).<\/p>\n\n\n\n<p>Zusammenfassung des Infopapiers:<\/p>\n\n\n\n<ol class=\"wp-block-list\">\n<li>Die Insektenbest\u00e4nde in Deutschland nehmen seit Jahrzehnten ab. Als Hauptgr\u00fcnde daf\u00fcr gelten die intensive Form der Landbewirtschaftung sowie die verst\u00e4rkte Fl\u00e4chenversiegelung durch menschliche Infrastruktur.<\/li>\n\n\n\n<li>Insekten erf\u00fcllen eine wichtige Rolle in nahezu allen \u00d6kosystemen. \u00dcber ihre Artenvielfalt und ihre Population in Deutschland besteht dennoch kein gesichertes Wissen.<\/li>\n\n\n\n<li>Mit einer Ver\u00f6ffentlichung von Dr. Franz Trieb im Namen des Deutschen Instituts f\u00fcr Luft- und Raumfahrt (DLR) wird erstmals die Windenergie als ein m\u00f6glicher Faktor f\u00fcr den R\u00fcckgang der Insektenbest\u00e4nde benannt.<\/li>\n\n\n\n<li>Der BWE weist die Ergebnisse der DLR-Ver\u00f6ffentlichung entschieden zur\u00fcck. Sie st\u00fctzt sich auf unwissenschaftliche Quellen, basiert auf methodisch willk\u00fcrlichen Annahmen, blendet andere Einflussfaktoren aus und ist empirisch nicht abgesichert.<\/li>\n<\/ol>\n\n\n\n<p>Au\u00dferdem weisen die Autoren der DLR-Studie auf der <a href=\"https:\/\/www.dlr.de\/de\/aktuelles\/nachrichten\/2019\/01\/20190326_dlr-studie-zu-wechselwirkungen-von-fluginsekten-und-windparks\">Website des DLR <\/a>(abgerufen am 20.06.2023) selbst darauf hin, dass empirische Untersuchungen fehlen und k\u00f6nnen nicht best\u00e4tigen (oder ausschlie\u00dfen), dass die Windenergie am Insektenschwund beteiligt ist. <\/p>\n\n\n\n<h3 class=\"wp-block-heading\"><span class=\"ez-toc-section\" id=\"Warum_wird_in_Windenergieanlagen_das_hochgradig_klimaschaedliche_Gas_SF6_verwendet\"><\/span>Warum wird in Windenergieanlagen das hochgradig klimasch\u00e4dliche Gas SF6 verwendet?<span class=\"ez-toc-section-end\"><\/span><\/h3>\n\n\n\n<p>Der Bundesverband der Windenergie bietet zu dieser Frage einen <a href=\"https:\/\/www.wind-energie.de\/fileadmin\/redaktion\/dokumente\/Aktuelles\/Faktenchecks\/20220825_-_BWE-Faktencheck_SF6.pdf\">Faktencheck SF6 als PDF zum Download<\/a> (abgerufen am 09.07.2023).<\/p>\n\n\n\n<p>Zusammenfassung des Faktenchecks:<\/p>\n\n\n\n<ol class=\"wp-block-list\" type=\"1\">\n<li>Stand der Technik bei allen elektrischen Schaltanlagen und damit auch bei Windenergieanlagen<\/li>\n\n\n\n<li>Bei ordentlicher Wartung und Recycling wird kaum SF6 freigesetzt<\/li>\n\n\n\n<li>Erste Alternativen sind vorhanden, Pl\u00e4ne f\u00fcr ein EU weites Verbot ab 2023 stehen im Raum<\/li>\n<\/ol>\n\n\n\n<h3 class=\"wp-block-heading\"><span class=\"ez-toc-section\" id=\"Gibt_es_genuegend_Wasser_fuer_die_Elektrolyse_zur_Erzeugung_von_Wasserstoff\"><\/span>Gibt es gen\u00fcgend Wasser f\u00fcr die Elektrolyse zur Erzeugung von Wasserstoff?<span class=\"ez-toc-section-end\"><\/span><\/h3>\n\n\n\n<p>F\u00fcr alle die sich f\u00fcr die Erzeugung von Wasserstoff aus Erneuerbaren Energien (\u201ePower-to-Gas\u201c) interessieren, k\u00f6nnen wir diesen <a href=\"https:\/\/www.dvgw.de\/medien\/dvgw\/leistungen\/publikationen\/h2o-fuer-elektrolyse-dvgw-factsheet.pdf\">Flyer des DGVW zur Elektrolyse<\/a> (abgerufen am 09.07.2023) empfehlen. Allerdings sollte man immer ber\u00fccksichtigen, dass bei dem Herstellungsprozess von Wasserstoff aus Strom Energie ben\u00f6tigt wird. Es ist also immer effizienter den \u201egr\u00fcnen Strom\u201c direkt der Endnutzung zuzuf\u00fchren.<\/p>\n\n\n\n<h2 class=\"wp-block-heading\"><span class=\"ez-toc-section\" id=\"Weitere_Beitraege_zum_Thema_Windpark_Nutscheid\"><\/span>Weitere Beitr\u00e4ge zum Thema Windpark Nutscheid<span class=\"ez-toc-section-end\"><\/span><\/h2>\n\n\n<ul class=\"wp-block-latest-posts__list wp-block-latest-posts\"><li><div class=\"wp-block-latest-posts__featured-image alignleft\"><img loading=\"lazy\" decoding=\"async\" width=\"150\" height=\"150\" src=\"https:\/\/www.klimainitiative-windeck.de\/wp-content\/uploads\/2025\/09\/Gespraech_Neubaur-150x150.jpg\" class=\"attachment-thumbnail size-thumbnail wp-post-image\" alt=\"Frau Neubaur sitzt mit Mitgliedern der KlimaInitiative Windeck in einem Kreis auf St\u00fchlen\" style=\"\" \/><\/div><a class=\"wp-block-latest-posts__post-title\" href=\"https:\/\/www.klimainitiative-windeck.de\/index.php\/2025\/09\/17\/gespraech-mit-der-wirtschaftsministerin-von-nrw\/\">Gespr\u00e4ch mit der Wirtschaftsministerin von NRW<\/a><div class=\"wp-block-latest-posts__post-excerpt\">Mona Neubaur (B\u00fcndnis 90 \/ Die Gr\u00fcnen) war zu Gast in Windeck. Beim \u201eFest f\u00fcr Windeck am 31.08.2025 nahm sie auf der Podiumsdiskussion zu verschiedenen Themen Stellung. Wir hatten die M\u00f6glichkeit, im Vorfeld eine halbe Stunde mit Frau Neubaur zu sprechen und uns mit ihr \u00fcber Themen, die uns besch\u00e4ftigen\u2026\u00a0<a class=\"wp-block-latest-posts__read-more\" href=\"https:\/\/www.klimainitiative-windeck.de\/index.php\/2025\/09\/17\/gespraech-mit-der-wirtschaftsministerin-von-nrw\/\" rel=\"noopener noreferrer\"><span class=\"screen-reader-text\">Gespr\u00e4ch mit der Wirtschaftsministerin von NRW <\/span>weiterlesen<\/a><\/div><\/li>\n<li><div class=\"wp-block-latest-posts__featured-image alignleft\"><img loading=\"lazy\" decoding=\"async\" width=\"150\" height=\"150\" src=\"https:\/\/www.klimainitiative-windeck.de\/wp-content\/uploads\/2023\/01\/Energie_1200-edited-150x150.jpg\" class=\"attachment-thumbnail size-thumbnail wp-post-image\" alt=\"Zwei Windr\u00e4der auf einem Berg in der N\u00e4he von Windeck\" style=\"\" \/><\/div><a class=\"wp-block-latest-posts__post-title\" href=\"https:\/\/www.klimainitiative-windeck.de\/index.php\/2024\/10\/28\/bund-sagt-ja-zu-windenergie\/\">BUND sagt: &#8222;Ja zu Windenergie!&#8220;<\/a><div class=\"wp-block-latest-posts__post-excerpt\">Der BUND hat einen Argumentationsleitfaden f\u00fcr Windenergie und gegen g\u00e4ngige Mythen zum Windenergieausbau ver\u00f6ffentlicht. Kurz und knapp: Warum Windenergie?\u2192 Wind ist eine kosteng\u00fcnstige, ressourcenschonende und vielerorts verf\u00fcgbare Energiequelle\u2192 Strom aus Windenergie kann dezentral und verbraucherinnennah erzeugt werden, so kann lokale Wertsch\u00f6pfung generiert und echte Teilhabe gef\u00f6rdert werden \u2192 Geringer Fl\u00e4chenbedarf,\u2026\u00a0<a class=\"wp-block-latest-posts__read-more\" href=\"https:\/\/www.klimainitiative-windeck.de\/index.php\/2024\/10\/28\/bund-sagt-ja-zu-windenergie\/\" rel=\"noopener noreferrer\"><span class=\"screen-reader-text\">BUND sagt: &#8222;Ja zu Windenergie!&#8220; <\/span>weiterlesen<\/a><\/div><\/li>\n<li><div class=\"wp-block-latest-posts__featured-image alignleft\"><img loading=\"lazy\" decoding=\"async\" width=\"150\" height=\"150\" src=\"https:\/\/www.klimainitiative-windeck.de\/wp-content\/uploads\/2022\/09\/Energie_1200-150x150.jpg\" class=\"attachment-thumbnail size-thumbnail wp-post-image\" alt=\"Zwei Windr\u00e4der auf einem Berg in der N\u00e4he von Windeck\" style=\"\" \/><\/div><a class=\"wp-block-latest-posts__post-title\" href=\"https:\/\/www.klimainitiative-windeck.de\/index.php\/2024\/09\/13\/faktencheck-und-reaktion-auf-den-online-beitrag-gegenwind-nutscheid\/\">Faktencheck und Reaktion auf den Online-Beitrag \u201eGegenwind Nutscheid\u201c<\/a><div class=\"wp-block-latest-posts__post-excerpt\">Vor gut einem Jahr informierten wir \u00fcber einen geplanten Windpark auf der Nutscheid. Es war zu erwarten, dass dieses Vorhaben nicht bei allen auf Gegenliebe st\u00f6\u00dft. Auch innerhalb der Klimainitiative gibt es kritische Stimmen. Auf der Website eines Windecker Mitb\u00fcrgers wurde nun ein Beitrag mit dem Titel \u201eGegenwind Nutscheid\u201c ver\u00f6ffentlicht\u2026\u00a0<a class=\"wp-block-latest-posts__read-more\" href=\"https:\/\/www.klimainitiative-windeck.de\/index.php\/2024\/09\/13\/faktencheck-und-reaktion-auf-den-online-beitrag-gegenwind-nutscheid\/\" rel=\"noopener noreferrer\"><span class=\"screen-reader-text\">Faktencheck und Reaktion auf den Online-Beitrag \u201eGegenwind Nutscheid\u201c <\/span>weiterlesen<\/a><\/div><\/li>\n<li><a class=\"wp-block-latest-posts__post-title\" href=\"https:\/\/www.klimainitiative-windeck.de\/index.php\/2023\/08\/15\/informationsveranstaltung-windpark-nutscheid-in-waldbroel-am-10-8-2023\/\">Informationsveranstaltung Windpark Nutscheid in Waldbr\u00f6l vom 10.8.2023<\/a><div class=\"wp-block-latest-posts__post-excerpt\">Ablauf der Veranstaltung und Foliens\u00e4tze F\u00fcr R\u00fcckfragen oder um sich auf den Newsletter der Interessierten setzen zu lassen kontaktieren Sie bitte wind@klimainitiative-windeck.de Weitere Informationen rund um das Thema Energie und Windenergie-Projekt auf unserer Website unter https:\/\/www.klimainitiative-windeck.de\/index.php\/projekte\/windpark-nutscheid\/<\/div><\/li>\n<li><a class=\"wp-block-latest-posts__post-title\" href=\"https:\/\/www.klimainitiative-windeck.de\/index.php\/2023\/06\/21\/informationsveranstaltung-windpark-nutscheid-am-18-6-2023\/\">Informationsveranstaltung Windpark Nutscheid vom 18.6.2023<\/a><div class=\"wp-block-latest-posts__post-excerpt\">Am 18.6.2023 fand die \u00f6ffentliche Informationsveranstaltung zum Stand unseres Projekts f\u00fcr Windenergie auf der Nutscheid statt. Zahlreiche Besucher*innen fanden den Weg in den vollbesetzten Saal bei Kabelmetal Schladern. Hier finden Sie alle Informationen, Foliens\u00e4tze der Vortr\u00e4ge und einen Video-Mitschnitt (sobald verf\u00fcgbar). Ablauf der Veranstaltung und Foliens\u00e4tze F\u00fcr R\u00fcckfragen oder um\u2026\u00a0<a class=\"wp-block-latest-posts__read-more\" href=\"https:\/\/www.klimainitiative-windeck.de\/index.php\/2023\/06\/21\/informationsveranstaltung-windpark-nutscheid-am-18-6-2023\/\" rel=\"noopener noreferrer\"><span class=\"screen-reader-text\">Informationsveranstaltung Windpark Nutscheid vom 18.6.2023 <\/span>weiterlesen<\/a><\/div><\/li>\n<\/ul>\n\n\n<h2 class=\"wp-block-heading\"><span class=\"ez-toc-section\" id=\"Geplante_Veranstaltungen\"><\/span>Geplante Veranstaltungen<span class=\"ez-toc-section-end\"><\/span><\/h2>\n\n\n<div id=\"vsel\" class=\"vsel-shortcode vsel-shortcode-upcoming-events\"><p class=\"vsel-no-events\">in n\u00e4chster Zeit sind keine Veranstaltungen zum Thema Windpark geplant<\/p><\/div>\n\n\n\n<p>R\u00fcckfragen und Kontakt: wind@klimainitiative-windeck.de<\/p>\n","protected":false},"excerpt":{"rendered":"<p>Die Klimainitiative versucht aktiv den Anteil der Erneuerbaren Energien im L\u00e4ndchen (s. aktuelle Situation) zu erh\u00f6hen. Seit Anfang 2022 arbeitet die Windgruppe daran, alle notwendigen Akteure zusammenzubringen. Hier finden Sie Informationen zum Stand der Aktivit\u00e4ten. Geplanter Windpark in der Nutscheid in dem Bereich Ruppichteroth\/Windeck\/Waldbr\u00f6l Ausgangslage Der \u00fcberall sichtbare und sp\u00fcrbare Klimawandel erfordert eine schnelle Energiewende [&hellip;]<\/p>\n","protected":false},"author":1,"featured_media":665,"parent":112,"menu_order":0,"comment_status":"closed","ping_status":"closed","template":"","meta":{"site-sidebar-layout":"default","site-content-layout":"","ast-site-content-layout":"default","site-content-style":"default","site-sidebar-style":"default","ast-global-header-display":"","ast-banner-title-visibility":"","ast-main-header-display":"","ast-hfb-above-header-display":"","ast-hfb-below-header-display":"","ast-hfb-mobile-header-display":"","site-post-title":"","ast-breadcrumbs-content":"","ast-featured-img":"","footer-sml-layout":"","ast-disable-related-posts":"","theme-transparent-header-meta":"","adv-header-id-meta":"","stick-header-meta":"","header-above-stick-meta":"","header-main-stick-meta":"","header-below-stick-meta":"","astra-migrate-meta-layouts":"default","ast-page-background-enabled":"default","ast-page-background-meta":{"desktop":{"background-color":"var(--ast-global-color-4)","background-image":"","background-repeat":"repeat","background-position":"center center","background-size":"auto","background-attachment":"scroll","background-type":"","background-media":"","overlay-type":"","overlay-color":"","overlay-opacity":"","overlay-gradient":""},"tablet":{"background-color":"","background-image":"","background-repeat":"repeat","background-position":"center center","background-size":"auto","background-attachment":"scroll","background-type":"","background-media":"","overlay-type":"","overlay-color":"","overlay-opacity":"","overlay-gradient":""},"mobile":{"background-color":"","background-image":"","background-repeat":"repeat","background-position":"center center","background-size":"auto","background-attachment":"scroll","background-type":"","background-media":"","overlay-type":"","overlay-color":"","overlay-opacity":"","overlay-gradient":""}},"ast-content-background-meta":{"desktop":{"background-color":"var(--ast-global-color-5)","background-image":"","background-repeat":"repeat","background-position":"center center","background-size":"auto","background-attachment":"scroll","background-type":"","background-media":"","overlay-type":"","overlay-color":"","overlay-opacity":"","overlay-gradient":""},"tablet":{"background-color":"var(--ast-global-color-5)","background-image":"","background-repeat":"repeat","background-position":"center center","background-size":"auto","background-attachment":"scroll","background-type":"","background-media":"","overlay-type":"","overlay-color":"","overlay-opacity":"","overlay-gradient":""},"mobile":{"background-color":"var(--ast-global-color-5)","background-image":"","background-repeat":"repeat","background-position":"center center","background-size":"auto","background-attachment":"scroll","background-type":"","background-media":"","overlay-type":"","overlay-color":"","overlay-opacity":"","overlay-gradient":""}},"footnotes":""},"class_list":["post-1112","page","type-page","status-publish","has-post-thumbnail","hentry"],"_links":{"self":[{"href":"https:\/\/www.klimainitiative-windeck.de\/index.php\/wp-json\/wp\/v2\/pages\/1112","targetHints":{"allow":["GET"]}}],"collection":[{"href":"https:\/\/www.klimainitiative-windeck.de\/index.php\/wp-json\/wp\/v2\/pages"}],"about":[{"href":"https:\/\/www.klimainitiative-windeck.de\/index.php\/wp-json\/wp\/v2\/types\/page"}],"author":[{"embeddable":true,"href":"https:\/\/www.klimainitiative-windeck.de\/index.php\/wp-json\/wp\/v2\/users\/1"}],"replies":[{"embeddable":true,"href":"https:\/\/www.klimainitiative-windeck.de\/index.php\/wp-json\/wp\/v2\/comments?post=1112"}],"version-history":[{"count":0,"href":"https:\/\/www.klimainitiative-windeck.de\/index.php\/wp-json\/wp\/v2\/pages\/1112\/revisions"}],"up":[{"embeddable":true,"href":"https:\/\/www.klimainitiative-windeck.de\/index.php\/wp-json\/wp\/v2\/pages\/112"}],"wp:featuredmedia":[{"embeddable":true,"href":"https:\/\/www.klimainitiative-windeck.de\/index.php\/wp-json\/wp\/v2\/media\/665"}],"wp:attachment":[{"href":"https:\/\/www.klimainitiative-windeck.de\/index.php\/wp-json\/wp\/v2\/media?parent=1112"}],"curies":[{"name":"wp","href":"https:\/\/api.w.org\/{rel}","templated":true}]}}