{"id":118,"date":"2022-01-11T16:23:10","date_gmt":"2022-01-11T15:23:10","guid":{"rendered":"https:\/\/www.klimainitiative-windeck.de\/?page_id=118"},"modified":"2022-09-24T13:08:51","modified_gmt":"2022-09-24T11:08:51","slug":"energiemesse","status":"publish","type":"page","link":"https:\/\/www.klimainitiative-windeck.de\/index.php\/projekte\/energiemesse\/","title":{"rendered":"Energiemesse"},"content":{"rendered":"\n<p>Auf der Windecker Energiemesse bzw. dem <em>Windecker Tag der Regenerativen Energien <\/em>haben B\u00fcrger*innen die M\u00f6glichkeit, sich \u00fcber <strong>Heizen<\/strong> mit regenerativer Energie, <strong>sinnvolle D\u00e4mmkonzepte<\/strong> f\u00fcr Altbauten, <strong>Stromerzeugung durch Sonnenenergie<\/strong>\u00a0bei verschiedenen Ausstellern regionaler Handwerksbetriebe zu informieren.<\/p>\n\n\n\n<p>Am 26. Juni 2022 fand in Schladern in der Halle kabelmetal der <a href=\"https:\/\/www.klimainitiative-windeck.de\/index.php\/2022\/07\/09\/1-windecker-tag-der-regenerativen-energie\/\" data-type=\"post\" data-id=\"579\">1. Windecker Tag der Regenerativen Energien<\/a> statt.<\/p>\n\n\n\n<h2 class=\"wp-block-heading\">N\u00e4chste Energiemesse<\/h2>\n\n\n<div id=\"vsel\" class=\"vsel-shortcode vsel-shortcode-upcoming-events\"><p class=\"vsel-no-events\">Der Termin f\u00fcr den n\u00e4chsten Windecker Tag der Regenerativen Energien steht noch nicht fest<\/p><\/div>\n","protected":false},"excerpt":{"rendered":"<p>Auf der Windecker Energiemesse bzw. dem Windecker Tag der Regenerativen Energien haben B\u00fcrger*innen die M\u00f6glichkeit, sich \u00fcber Heizen mit regenerativer Energie, sinnvolle D\u00e4mmkonzepte f\u00fcr Altbauten, Stromerzeugung durch Sonnenenergie\u00a0bei verschiedenen Ausstellern regionaler Handwerksbetriebe zu informieren. Am 26. Juni 2022 fand in Schladern in der Halle kabelmetal der 1. Windecker Tag der Regenerativen Energien statt. N\u00e4chste Energiemesse<\/p>\n","protected":false},"author":1,"featured_media":0,"parent":112,"menu_order":0,"comment_status":"closed","ping_status":"closed","template":"","meta":{"site-sidebar-layout":"default","site-content-layout":"","ast-site-content-layout":"default","site-content-style":"default","site-sidebar-style":"default","ast-global-header-display":"","ast-banner-title-visibility":"","ast-main-header-display":"","ast-hfb-above-header-display":"","ast-hfb-below-header-display":"","ast-hfb-mobile-header-display":"","site-post-title":"","ast-breadcrumbs-content":"","ast-featured-img":"","footer-sml-layout":"","ast-disable-related-posts":"","theme-transparent-header-meta":"","adv-header-id-meta":"","stick-header-meta":"","header-above-stick-meta":"","header-main-stick-meta":"","header-below-stick-meta":"","astra-migrate-meta-layouts":"default","ast-page-background-enabled":"default","ast-page-background-meta":{"desktop":{"background-color":"var(--ast-global-color-4)","background-image":"","background-repeat":"repeat","background-position":"center center","background-size":"auto","background-attachment":"scroll","background-type":"","background-media":"","overlay-type":"","overlay-color":"","overlay-opacity":"","overlay-gradient":""},"tablet":{"background-color":"","background-image":"","background-repeat":"repeat","background-position":"center center","background-size":"auto","background-attachment":"scroll","background-type":"","background-media":"","overlay-type":"","overlay-color":"","overlay-opacity":"","overlay-gradient":""},"mobile":{"background-color":"","background-image":"","background-repeat":"repeat","background-position":"center center","background-size":"auto","background-attachment":"scroll","background-type":"","background-media":"","overlay-type":"","overlay-color":"","overlay-opacity":"","overlay-gradient":""}},"ast-content-background-meta":{"desktop":{"background-color":"var(--ast-global-color-5)","background-image":"","background-repeat":"repeat","background-position":"center center","background-size":"auto","background-attachment":"scroll","background-type":"","background-media":"","overlay-type":"","overlay-color":"","overlay-opacity":"","overlay-gradient":""},"tablet":{"background-color":"var(--ast-global-color-5)","background-image":"","background-repeat":"repeat","background-position":"center center","background-size":"auto","background-attachment":"scroll","background-type":"","background-media":"","overlay-type":"","overlay-color":"","overlay-opacity":"","overlay-gradient":""},"mobile":{"background-color":"var(--ast-global-color-5)","background-image":"","background-repeat":"repeat","background-position":"center center","background-size":"auto","background-attachment":"scroll","background-type":"","background-media":"","overlay-type":"","overlay-color":"","overlay-opacity":"","overlay-gradient":""}},"footnotes":""},"class_list":["post-118","page","type-page","status-publish","hentry"],"_links":{"self":[{"href":"https:\/\/www.klimainitiative-windeck.de\/index.php\/wp-json\/wp\/v2\/pages\/118","targetHints":{"allow":["GET"]}}],"collection":[{"href":"https:\/\/www.klimainitiative-windeck.de\/index.php\/wp-json\/wp\/v2\/pages"}],"about":[{"href":"https:\/\/www.klimainitiative-windeck.de\/index.php\/wp-json\/wp\/v2\/types\/page"}],"author":[{"embeddable":true,"href":"https:\/\/www.klimainitiative-windeck.de\/index.php\/wp-json\/wp\/v2\/users\/1"}],"replies":[{"embeddable":true,"href":"https:\/\/www.klimainitiative-windeck.de\/index.php\/wp-json\/wp\/v2\/comments?post=118"}],"version-history":[{"count":0,"href":"https:\/\/www.klimainitiative-windeck.de\/index.php\/wp-json\/wp\/v2\/pages\/118\/revisions"}],"up":[{"embeddable":true,"href":"https:\/\/www.klimainitiative-windeck.de\/index.php\/wp-json\/wp\/v2\/pages\/112"}],"wp:attachment":[{"href":"https:\/\/www.klimainitiative-windeck.de\/index.php\/wp-json\/wp\/v2\/media?parent=118"}],"curies":[{"name":"wp","href":"https:\/\/api.w.org\/{rel}","templated":true}]}}