{"id":2,"date":"2021-12-02T14:14:08","date_gmt":"2021-12-02T13:14:08","guid":{"rendered":"http:\/\/kunden.jpberlin.de\/klimastammtischwindeck\/?page_id=2"},"modified":"2024-10-04T17:21:25","modified_gmt":"2024-10-04T15:21:25","slug":"ueber-uns","status":"publish","type":"page","link":"https:\/\/www.klimainitiative-windeck.de\/index.php\/ueber-uns\/","title":{"rendered":"\u00dcber uns"},"content":{"rendered":"\n<h2 class=\"wp-block-heading\">Wer wir sind<\/h2>\n\n\n\n<ul class=\"wp-block-list\">\n<li>Wir sind eine offene, parteiunabh\u00e4ngige Gruppe von interessierten und engagierten B\u00fcrgerinnen und B\u00fcrgern der Gemeinde Windeck die dem menschengemachten Klimawandel aktiv begegnen wollen.<\/li>\n\n\n\n<li>Eine formale Mitgliedschaft gibt es bei uns nicht. Jede Person, die unsere Ziele teilt, kann mitmachen.<\/li>\n<\/ul>\n\n\n\n<h2 class=\"wp-block-heading\">Was wir wollen<\/h2>\n\n\n\n<ul class=\"wp-block-list\">\n<li>einen regelm\u00e4\u00dfigen Rahmen bieten, um uns \u00fcber Fragen zum Klimawandel und Umweltschutz auszutauschen<\/li>\n\n\n\n<li>verschiedene Themen und Fragestellungen bez\u00fcglich des Klimawandels, des Umweltschutzes und nachhaltiger Entwicklung diskutieren<\/li>\n\n\n\n<li>konkrete Projekte, Aktionen und Ma\u00dfnahmen entwickeln und umsetzen<\/li>\n\n\n\n<li>uns untereinander, mit unserer Gemeinde, mit anderen Gemeinden und mit anderen Initiativen vernetzen<\/li>\n<\/ul>\n\n\n\n<h2 class=\"wp-block-heading\">Wie wir sind<\/h2>\n\n\n\n<ul class=\"wp-block-list\">\n<li>offen f\u00fcr neue Mitwirkende<\/li>\n\n\n\n<li>demokratisch und ohne festgelegte \u00c4mter<\/li>\n\n\n\n<li>eigenverantwortlich im Engagement<\/li>\n\n\n\n<li>initiativ, strukturiert und zielorientiert<\/li>\n<\/ul>\n\n\n\n<h2 class=\"wp-block-heading\">Wann wir uns treffen<\/h2>\n\n\n\n<ul class=\"wp-block-list\">\n<li>jeden 1. Dienstag im Monat zum Klimastammtisch<\/li>\n<\/ul>\n\n\n\n<p><strong>Wer mitmachen m\u00f6chte ist herzlich willkommen.<\/strong><\/p>\n\n\n\n<h2 class=\"wp-block-heading\" id=\"Naechster_Klimastammtisch\">N\u00e4chstes Treffen<\/h2>\n\n\n<div id=\"vsel\" class=\"vsel-shortcode vsel-shortcode-upcoming-events\"><p class=\"vsel-no-events\">Keine Veranstaltungen gefunden.<\/p><\/div>","protected":false},"excerpt":{"rendered":"<p>Wer wir sind Was wir wollen Wie wir sind Wann wir uns treffen Wer mitmachen m\u00f6chte ist herzlich willkommen. N\u00e4chstes Treffen<\/p>\n","protected":false},"author":1,"featured_media":0,"parent":0,"menu_order":0,"comment_status":"closed","ping_status":"open","template":"","meta":{"site-sidebar-layout":"default","site-content-layout":"","ast-site-content-layout":"default","site-content-style":"default","site-sidebar-style":"default","ast-global-header-display":"","ast-banner-title-visibility":"","ast-main-header-display":"","ast-hfb-above-header-display":"","ast-hfb-below-header-display":"","ast-hfb-mobile-header-display":"","site-post-title":"","ast-breadcrumbs-content":"","ast-featured-img":"","footer-sml-layout":"","ast-disable-related-posts":"","theme-transparent-header-meta":"","adv-header-id-meta":"","stick-header-meta":"","header-above-stick-meta":"","header-main-stick-meta":"","header-below-stick-meta":"","astra-migrate-meta-layouts":"set","ast-page-background-enabled":"default","ast-page-background-meta":{"desktop":{"background-color":"var(--ast-global-color-4)","background-image":"","background-repeat":"repeat","background-position":"center center","background-size":"auto","background-attachment":"scroll","background-type":"","background-media":"","overlay-type":"","overlay-color":"","overlay-opacity":"","overlay-gradient":""},"tablet":{"background-color":"","background-image":"","background-repeat":"repeat","background-position":"center center","background-size":"auto","background-attachment":"scroll","background-type":"","background-media":"","overlay-type":"","overlay-color":"","overlay-opacity":"","overlay-gradient":""},"mobile":{"background-color":"","background-image":"","background-repeat":"repeat","background-position":"center center","background-size":"auto","background-attachment":"scroll","background-type":"","background-media":"","overlay-type":"","overlay-color":"","overlay-opacity":"","overlay-gradient":""}},"ast-content-background-meta":{"desktop":{"background-color":"var(--ast-global-color-5)","background-image":"","background-repeat":"repeat","background-position":"center center","background-size":"auto","background-attachment":"scroll","background-type":"","background-media":"","overlay-type":"","overlay-color":"","overlay-opacity":"","overlay-gradient":""},"tablet":{"background-color":"var(--ast-global-color-5)","background-image":"","background-repeat":"repeat","background-position":"center center","background-size":"auto","background-attachment":"scroll","background-type":"","background-media":"","overlay-type":"","overlay-color":"","overlay-opacity":"","overlay-gradient":""},"mobile":{"background-color":"var(--ast-global-color-5)","background-image":"","background-repeat":"repeat","background-position":"center center","background-size":"auto","background-attachment":"scroll","background-type":"","background-media":"","overlay-type":"","overlay-color":"","overlay-opacity":"","overlay-gradient":""}},"footnotes":""},"class_list":["post-2","page","type-page","status-publish","hentry"],"_links":{"self":[{"href":"https:\/\/www.klimainitiative-windeck.de\/index.php\/wp-json\/wp\/v2\/pages\/2","targetHints":{"allow":["GET"]}}],"collection":[{"href":"https:\/\/www.klimainitiative-windeck.de\/index.php\/wp-json\/wp\/v2\/pages"}],"about":[{"href":"https:\/\/www.klimainitiative-windeck.de\/index.php\/wp-json\/wp\/v2\/types\/page"}],"author":[{"embeddable":true,"href":"https:\/\/www.klimainitiative-windeck.de\/index.php\/wp-json\/wp\/v2\/users\/1"}],"replies":[{"embeddable":true,"href":"https:\/\/www.klimainitiative-windeck.de\/index.php\/wp-json\/wp\/v2\/comments?post=2"}],"version-history":[{"count":0,"href":"https:\/\/www.klimainitiative-windeck.de\/index.php\/wp-json\/wp\/v2\/pages\/2\/revisions"}],"wp:attachment":[{"href":"https:\/\/www.klimainitiative-windeck.de\/index.php\/wp-json\/wp\/v2\/media?parent=2"}],"curies":[{"name":"wp","href":"https:\/\/api.w.org\/{rel}","templated":true}]}}