{"id":3,"date":"2021-12-02T14:14:08","date_gmt":"2021-12-02T13:14:08","guid":{"rendered":"http:\/\/kunden.jpberlin.de\/klimastammtischwindeck\/?page_id=3"},"modified":"2022-06-05T17:08:30","modified_gmt":"2022-06-05T15:08:30","slug":"datenschutzerklaerung","status":"publish","type":"page","link":"https:\/\/www.klimainitiative-windeck.de\/index.php\/datenschutzerklaerung\/","title":{"rendered":"Datenschutzerkl\u00e4rung"},"content":{"rendered":"\n<h2 class=\"wp-block-heading\">Wer wir sind<\/h2>\n\n\n\n<p>Die Adresse unserer Website ist: http:\/\/klimainitiative-windeck.de<\/p>\n\n\n\n<p> <a href=\"https:\/\/www.klimainitiative-windeck.de\/index.php\/ueber-uns\/\">Mehr Infos \u00fcber uns.<\/a><\/p>\n\n\n\n<h2 class=\"wp-block-heading\">Welche personenbezogenen Daten wir verarbeiten<\/h2>\n\n\n\n<p>Wir verarbeiten keine personenbezogenen Daten, es sei denn wir haben Ihre Einwilligung oder es liegt berechtigtes Interesse zur Verarbeitung vor.<\/p>\n\n\n\n<h2 class=\"wp-block-heading\">Kontaktaufnahme<\/h2>\n\n\n\n<p>Sie k\u00f6nnen \u00fcber unser Kontaktformular oder unsere E-Mail-Adressen mit uns Kontakt aufnehmen. Das Kontaktformular k\u00f6nnen Sie auch ohne eine g\u00fcltige E-Mail-Adresse nutzen, allerdings k\u00f6nnen wir Ihnen dann nicht antworten, wenn Sie uns keine andere Kontaktm\u00f6glichkeit mitteilen.<\/p>\n\n\n\n<p>Wenn Sie uns Ihre E-Mail-Adresse oder eine andere Kontaktm\u00f6glichkeit (z. B. Telefonnummer) mitteilen, werden wir ihre personenbezogenen Daten nur intern an passende Ansprechpersonen weitergeben. <\/p>\n\n\n\n<h2 class=\"wp-block-heading\">Eingebettete Inhalte von anderen Websites<\/h2>\n\n\n\n<p>Beitr\u00e4ge auf dieser Website k\u00f6nnen eingebettete Inhalte beinhalten (z.&nbsp;B. Videos, Bilder, Beitr\u00e4ge etc.). Eingebettete Inhalte von anderen Websites verhalten sich exakt so, als ob die andere Website besucht wird.<\/p>\n\n\n\n<p>Diese Websites k\u00f6nnen Daten \u00fcber Sie sammeln, Cookies benutzen, zus\u00e4tzliche Tracking-Dienste von Dritten einbetten und Ihre Interaktion mit diesem eingebetteten Inhalt aufzeichnen, inklusive Ihrer Interaktion mit dem eingebetteten Inhalt, falls Sie ein Konto haben und auf dieser Website angemeldet sind.<\/p>\n\n\n\n<h2 class=\"wp-block-heading\">Mit wem wir Ihre Daten teilen<\/h2>\n\n\n\n<p>Wir teilen Ihre personenbezogenen Daten ohne Ihre Einwilligung nicht mit Dritten, es sei denn wir sind gesetzlich dazu verpflichtet.<\/p>\n\n\n\n<h2 class=\"wp-block-heading\">Wie lange wir Ihre Daten speichern<\/h2>\n\n\n\n<p>F\u00fcr die personenbezogenen Daten, die Sie uns mitteilen k\u00f6nnen, wenn Sie mit uns in Kontakt treten, haben wir keine Speicherfrist.<\/p>\n\n\n\n<p><\/p>\n","protected":false},"excerpt":{"rendered":"<p>Wer wir sind Die Adresse unserer Website ist: http:\/\/klimainitiative-windeck.de Mehr Infos \u00fcber uns. Welche personenbezogenen Daten wir verarbeiten Wir verarbeiten keine personenbezogenen Daten, es sei denn wir haben Ihre Einwilligung oder es liegt berechtigtes Interesse zur Verarbeitung vor. Kontaktaufnahme Sie k\u00f6nnen \u00fcber unser Kontaktformular oder unsere E-Mail-Adressen mit uns Kontakt aufnehmen. Das Kontaktformular k\u00f6nnen Sie [&hellip;]<\/p>\n","protected":false},"author":1,"featured_media":0,"parent":0,"menu_order":0,"comment_status":"closed","ping_status":"open","template":"","meta":{"site-sidebar-layout":"default","site-content-layout":"","ast-site-content-layout":"default","site-content-style":"default","site-sidebar-style":"default","ast-global-header-display":"","ast-banner-title-visibility":"","ast-main-header-display":"","ast-hfb-above-header-display":"","ast-hfb-below-header-display":"","ast-hfb-mobile-header-display":"","site-post-title":"","ast-breadcrumbs-content":"","ast-featured-img":"","footer-sml-layout":"","ast-disable-related-posts":"","theme-transparent-header-meta":"","adv-header-id-meta":"","stick-header-meta":"","header-above-stick-meta":"","header-main-stick-meta":"","header-below-stick-meta":"","astra-migrate-meta-layouts":"default","ast-page-background-enabled":"default","ast-page-background-meta":{"desktop":{"background-color":"var(--ast-global-color-4)","background-image":"","background-repeat":"repeat","background-position":"center center","background-size":"auto","background-attachment":"scroll","background-type":"","background-media":"","overlay-type":"","overlay-color":"","overlay-opacity":"","overlay-gradient":""},"tablet":{"background-color":"","background-image":"","background-repeat":"repeat","background-position":"center center","background-size":"auto","background-attachment":"scroll","background-type":"","background-media":"","overlay-type":"","overlay-color":"","overlay-opacity":"","overlay-gradient":""},"mobile":{"background-color":"","background-image":"","background-repeat":"repeat","background-position":"center center","background-size":"auto","background-attachment":"scroll","background-type":"","background-media":"","overlay-type":"","overlay-color":"","overlay-opacity":"","overlay-gradient":""}},"ast-content-background-meta":{"desktop":{"background-color":"var(--ast-global-color-5)","background-image":"","background-repeat":"repeat","background-position":"center center","background-size":"auto","background-attachment":"scroll","background-type":"","background-media":"","overlay-type":"","overlay-color":"","overlay-opacity":"","overlay-gradient":""},"tablet":{"background-color":"var(--ast-global-color-5)","background-image":"","background-repeat":"repeat","background-position":"center center","background-size":"auto","background-attachment":"scroll","background-type":"","background-media":"","overlay-type":"","overlay-color":"","overlay-opacity":"","overlay-gradient":""},"mobile":{"background-color":"var(--ast-global-color-5)","background-image":"","background-repeat":"repeat","background-position":"center center","background-size":"auto","background-attachment":"scroll","background-type":"","background-media":"","overlay-type":"","overlay-color":"","overlay-opacity":"","overlay-gradient":""}},"footnotes":""},"class_list":["post-3","page","type-page","status-publish","hentry"],"_links":{"self":[{"href":"https:\/\/www.klimainitiative-windeck.de\/index.php\/wp-json\/wp\/v2\/pages\/3","targetHints":{"allow":["GET"]}}],"collection":[{"href":"https:\/\/www.klimainitiative-windeck.de\/index.php\/wp-json\/wp\/v2\/pages"}],"about":[{"href":"https:\/\/www.klimainitiative-windeck.de\/index.php\/wp-json\/wp\/v2\/types\/page"}],"author":[{"embeddable":true,"href":"https:\/\/www.klimainitiative-windeck.de\/index.php\/wp-json\/wp\/v2\/users\/1"}],"replies":[{"embeddable":true,"href":"https:\/\/www.klimainitiative-windeck.de\/index.php\/wp-json\/wp\/v2\/comments?post=3"}],"version-history":[{"count":0,"href":"https:\/\/www.klimainitiative-windeck.de\/index.php\/wp-json\/wp\/v2\/pages\/3\/revisions"}],"wp:attachment":[{"href":"https:\/\/www.klimainitiative-windeck.de\/index.php\/wp-json\/wp\/v2\/media?parent=3"}],"curies":[{"name":"wp","href":"https:\/\/api.w.org\/{rel}","templated":true}]}}