{"id":518,"date":"2022-06-09T17:28:54","date_gmt":"2022-06-09T15:28:54","guid":{"rendered":"https:\/\/www.klimainitiative-windeck.de\/?page_id=518"},"modified":"2022-06-09T17:40:19","modified_gmt":"2022-06-09T15:40:19","slug":"unsere-forderungen-nahmobilitaet","status":"publish","type":"page","link":"https:\/\/www.klimainitiative-windeck.de\/index.php\/themen\/mobilitaet\/unsere-forderungen-nahmobilitaet\/","title":{"rendered":"Unsere Forderungen f\u00fcr eine klimafreundliche und nachhaltige Nahmobilit\u00e4t in Windeck"},"content":{"rendered":"\n<p>Der ADFC \/ Ortsgruppe Obere Sieg und die KlimaInitiative Windeck \/ Arbeitsgruppe Mobilit\u00e4t setzen sich f\u00fcr einen Ausbau der Nahmobilit\u00e4t in der Gemeinde Windeck und zu den Nachbargemeinden ein.<\/p>\n\n\n\n<p>Gr\u00fcnde f\u00fcr dieses Engagement sind:<\/p>\n\n\n\n<p>a. Werbung f\u00fcr eine zukunftsfeste, klimasensible und ressourcenschonenden Mobilit\u00e4t,<br>b. F\u00f6rderung des Umstiegs vom privat genutzten Automobil auf Alternativen wie \u00d6PNV oder Fahrrad,<\/p>\n\n\n\n<p>Vor dem Hintergrund der Erfahrungen mit den aktuellen Mobilit\u00e4tsstrukturen ergeben sich f\u00fcr uns nachfolgende Forderungen sowohl an Politik und Verwaltung in Windeck als auch an Kreis, Land und Bund.<\/p>\n\n\n\n<p>Unsere aktuellen Forderungen:<\/p>\n\n\n\n<ol class=\"wp-block-list\" type=\"1\"><li>Sanierung des Siegunterhaltungsweges und anschlie\u00dfende \u00dcbereignung an die Anrainer-Kommunen und Umwidmung als Siegradweg<\/li><li>Schaffung einer alltagstauglichen L\u00f6sung f\u00fcr einen Radweg zwischen Dattenfeld\/ Dreisel- Schladern, da der Weg \u00fcber den \u201eMaueler Berg\u201c dieses Kriterium nicht erf\u00fcllt.<\/li><li>Radwegebau von Rosbach nach Au mit Anschluss an das Radwegenetz in Rheinland-Pfalz<\/li><li>Konzeption und Umsetzung von Radwegeverbindungen innerhalb der Ortsteile mit Anschluss an den Siegradweg<\/li><li>Konzeption und Umsetzung von Radwegeverbindungen nach Waldbr\u00f6l, Ruppichteroth, Weyerbusch, Hamm\/Sieg<\/li><li>Konzeption und Umsetzung von hochwertigen und sicheren Fahrradabstellanlagen an den Haltestellen des \u00d6PNV<\/li><li>Kostenlose Mitnahme von Fahrr\u00e4dern im \u00d6PNV (auch in Bussen) innerhalb der Gemeinde<\/li><li>Einrichtung von Tempo-30-Zonen innerhalb der Ortschaften<\/li><li>Aufstellung von Hinweisschildern an besonderen Gef\u00e4hrdungsstellen f\u00fcr Radfahrer*innen \/ Fu\u00dfg\u00e4nger*innen. Im Bereich Verkehrsknoten L.333 am Schlo\u00dfberg muss eine umfassende L\u00f6sung umgesetzt werden<\/li><li>Bereitstellung von Leihfahrr\u00e4der an den Bahnh\u00f6fen in Windeck durch den Verkehrsverbund Rhein-Sieg<\/li><li>Einrichtung einer Ansprechstelle f\u00fcr die Belange des Radverkehrs innerhalb der Gemeindeverwaltung Windeck<\/li><li>Einrichtung einer st\u00e4ndigen, l\u00f6sungsorientierten Clearingstelle an der Konfliktlinie Naturschutz und Klimaschutz unter Beteiligung aller relevanten Akteur*innen<\/li><li>Erstellung eines Mobilit\u00e4tsberichtes im Zeitverlauf einer Legislatur des Rates der Gemeinde Windeck<\/li><li>Innerorts Einrichtung markierter Radwege auf der Fahrbahn, wo baulich getrennte Wege nicht m\u00f6glich sind<\/li><li>Umwandlung von Nebenstra\u00dfen in Fahrradstra\u00dfen, wo Radverkehrsaufkommen erwartbar ist<\/li><li>Konzeption und Umsetzung eines Radweges von Herchen-Bahnhof zu dem Ortsteil Leuscheid.<\/li><\/ol>\n\n\n\n<p>Windeck im Juni 2022<\/p>\n","protected":false},"excerpt":{"rendered":"<p>Der ADFC \/ Ortsgruppe Obere Sieg und die KlimaInitiative Windeck \/ Arbeitsgruppe Mobilit\u00e4t setzen sich f\u00fcr einen Ausbau der Nahmobilit\u00e4t in der Gemeinde Windeck und zu den Nachbargemeinden ein. Gr\u00fcnde f\u00fcr dieses Engagement sind: a. Werbung f\u00fcr eine zukunftsfeste, klimasensible und ressourcenschonenden Mobilit\u00e4t,b. F\u00f6rderung des Umstiegs vom privat genutzten Automobil auf Alternativen wie \u00d6PNV oder [&hellip;]<\/p>\n","protected":false},"author":1,"featured_media":0,"parent":86,"menu_order":0,"comment_status":"closed","ping_status":"closed","template":"","meta":{"site-sidebar-layout":"default","site-content-layout":"","ast-site-content-layout":"default","site-content-style":"default","site-sidebar-style":"default","ast-global-header-display":"","ast-banner-title-visibility":"","ast-main-header-display":"","ast-hfb-above-header-display":"","ast-hfb-below-header-display":"","ast-hfb-mobile-header-display":"","site-post-title":"","ast-breadcrumbs-content":"","ast-featured-img":"","footer-sml-layout":"","ast-disable-related-posts":"","theme-transparent-header-meta":"","adv-header-id-meta":"","stick-header-meta":"","header-above-stick-meta":"","header-main-stick-meta":"","header-below-stick-meta":"","astra-migrate-meta-layouts":"default","ast-page-background-enabled":"default","ast-page-background-meta":{"desktop":{"background-color":"var(--ast-global-color-4)","background-image":"","background-repeat":"repeat","background-position":"center center","background-size":"auto","background-attachment":"scroll","background-type":"","background-media":"","overlay-type":"","overlay-color":"","overlay-opacity":"","overlay-gradient":""},"tablet":{"background-color":"","background-image":"","background-repeat":"repeat","background-position":"center center","background-size":"auto","background-attachment":"scroll","background-type":"","background-media":"","overlay-type":"","overlay-color":"","overlay-opacity":"","overlay-gradient":""},"mobile":{"background-color":"","background-image":"","background-repeat":"repeat","background-position":"center center","background-size":"auto","background-attachment":"scroll","background-type":"","background-media":"","overlay-type":"","overlay-color":"","overlay-opacity":"","overlay-gradient":""}},"ast-content-background-meta":{"desktop":{"background-color":"var(--ast-global-color-5)","background-image":"","background-repeat":"repeat","background-position":"center center","background-size":"auto","background-attachment":"scroll","background-type":"","background-media":"","overlay-type":"","overlay-color":"","overlay-opacity":"","overlay-gradient":""},"tablet":{"background-color":"var(--ast-global-color-5)","background-image":"","background-repeat":"repeat","background-position":"center center","background-size":"auto","background-attachment":"scroll","background-type":"","background-media":"","overlay-type":"","overlay-color":"","overlay-opacity":"","overlay-gradient":""},"mobile":{"background-color":"var(--ast-global-color-5)","background-image":"","background-repeat":"repeat","background-position":"center center","background-size":"auto","background-attachment":"scroll","background-type":"","background-media":"","overlay-type":"","overlay-color":"","overlay-opacity":"","overlay-gradient":""}},"footnotes":""},"class_list":["post-518","page","type-page","status-publish","hentry"],"_links":{"self":[{"href":"https:\/\/www.klimainitiative-windeck.de\/index.php\/wp-json\/wp\/v2\/pages\/518","targetHints":{"allow":["GET"]}}],"collection":[{"href":"https:\/\/www.klimainitiative-windeck.de\/index.php\/wp-json\/wp\/v2\/pages"}],"about":[{"href":"https:\/\/www.klimainitiative-windeck.de\/index.php\/wp-json\/wp\/v2\/types\/page"}],"author":[{"embeddable":true,"href":"https:\/\/www.klimainitiative-windeck.de\/index.php\/wp-json\/wp\/v2\/users\/1"}],"replies":[{"embeddable":true,"href":"https:\/\/www.klimainitiative-windeck.de\/index.php\/wp-json\/wp\/v2\/comments?post=518"}],"version-history":[{"count":0,"href":"https:\/\/www.klimainitiative-windeck.de\/index.php\/wp-json\/wp\/v2\/pages\/518\/revisions"}],"up":[{"embeddable":true,"href":"https:\/\/www.klimainitiative-windeck.de\/index.php\/wp-json\/wp\/v2\/pages\/86"}],"wp:attachment":[{"href":"https:\/\/www.klimainitiative-windeck.de\/index.php\/wp-json\/wp\/v2\/media?parent=518"}],"curies":[{"name":"wp","href":"https:\/\/api.w.org\/{rel}","templated":true}]}}