{"id":77,"date":"2021-12-22T18:16:54","date_gmt":"2021-12-22T17:16:54","guid":{"rendered":"http:\/\/www.klimainitiative-windeck.de\/?page_id=77"},"modified":"2025-11-18T11:46:31","modified_gmt":"2025-11-18T10:46:31","slug":"startseite","status":"publish","type":"page","link":"https:\/\/www.klimainitiative-windeck.de\/","title":{"rendered":"Willkommen bei der KlimaInitiative Windeck"},"content":{"rendered":"\n<h2 class=\"wp-block-heading\" style=\"margin-top:var(--wp--preset--spacing--80)\">Die neuesten Artikel<\/h2>\n\n\n<ul style=\"line-height:1.5; padding-top:0;padding-bottom:0;padding-left:0;padding-right:0;margin-top:0;margin-right:0;margin-bottom:0;margin-left:0;\" class=\"wp-block-latest-posts__list is-grid columns-2 has-dates wp-block-latest-posts\"><li><div class=\"wp-block-latest-posts__featured-image\"><a href=\"https:\/\/www.klimainitiative-windeck.de\/index.php\/2026\/05\/07\/aufruf-zum-stadtradeln-2026\/\" aria-label=\"Aufruf zum Stadtradeln 2026\"><img loading=\"lazy\" decoding=\"async\" width=\"300\" height=\"289\" src=\"https:\/\/www.klimainitiative-windeck.de\/wp-content\/uploads\/2024\/08\/Logo_stadtradeln_R-300x289.png\" class=\"attachment-medium size-medium wp-post-image\" alt=\"Rundes Logo der KlimaInitiative Windeck mit einem stilisierten Fahrrad davor.\" style=\"max-width:300px;max-height:300px;\" srcset=\"https:\/\/www.klimainitiative-windeck.de\/wp-content\/uploads\/2024\/08\/Logo_stadtradeln_R-300x289.png 300w, https:\/\/www.klimainitiative-windeck.de\/wp-content\/uploads\/2024\/08\/Logo_stadtradeln_R-e1724068185166.png 250w\" sizes=\"auto, (max-width: 300px) 100vw, 300px\" \/><\/a><\/div><a class=\"wp-block-latest-posts__post-title\" href=\"https:\/\/www.klimainitiative-windeck.de\/index.php\/2026\/05\/07\/aufruf-zum-stadtradeln-2026\/\">Aufruf zum Stadtradeln 2026<\/a><time datetime=\"2026-05-07T21:36:42+02:00\" class=\"wp-block-latest-posts__post-date\">7. Mai 2026<\/time><div class=\"wp-block-latest-posts__post-excerpt\">Das Stadtradeln geht wieder los, diesmal schon Ende Mai: von Freitag, dem 29.5.26 bis einschlie\u00dflich Donnerstag, den 18.6.26 k\u00f6nnen wieder Fahrradkilometer gesammelt werden &#8211; egal,\u2026\u00a0<a class=\"wp-block-latest-posts__read-more\" href=\"https:\/\/www.klimainitiative-windeck.de\/index.php\/2026\/05\/07\/aufruf-zum-stadtradeln-2026\/\" rel=\"noopener noreferrer\"><span class=\"screen-reader-text\">Aufruf zum Stadtradeln 2026 <\/span>weiterlesen<\/a><\/div><\/li>\n<li><div class=\"wp-block-latest-posts__featured-image\"><a href=\"https:\/\/www.klimainitiative-windeck.de\/index.php\/2025\/11\/02\/waermebildkamera-leihen\/\" aria-label=\"W\u00e4rmebildkamera leihen\"><img loading=\"lazy\" decoding=\"async\" width=\"300\" height=\"225\" src=\"https:\/\/www.klimainitiative-windeck.de\/wp-content\/uploads\/2025\/11\/Waermebild_aussen-300x225.jpg\" class=\"attachment-medium size-medium wp-post-image\" alt=\"Das W\u00e4rmebild einer Hauswand mit Giebel. Deutlich zu sehen sind W\u00e4rmebr\u00fccken ober und unterhalb der Fenster.\" style=\"max-width:300px;max-height:300px;\" srcset=\"https:\/\/www.klimainitiative-windeck.de\/wp-content\/uploads\/2025\/11\/Waermebild_aussen-300x225.jpg 300w, https:\/\/www.klimainitiative-windeck.de\/wp-content\/uploads\/2025\/11\/Waermebild_aussen-768x576.jpg 768w, https:\/\/www.klimainitiative-windeck.de\/wp-content\/uploads\/2025\/11\/Waermebild_aussen.jpg 960w\" sizes=\"auto, (max-width: 300px) 100vw, 300px\" \/><\/a><\/div><a class=\"wp-block-latest-posts__post-title\" href=\"https:\/\/www.klimainitiative-windeck.de\/index.php\/2025\/11\/02\/waermebildkamera-leihen\/\">W\u00e4rmebildkamera leihen<\/a><time datetime=\"2025-11-02T18:26:51+01:00\" class=\"wp-block-latest-posts__post-date\">2. November 2025<\/time><div class=\"wp-block-latest-posts__post-excerpt\">Die Klimainitiative Windeck bietet eine W\u00e4rmebildkamera zum Verleih \u00fcber unsere Teilbar \u2013 ein praktisches Werkzeug, um energetische Schwachstellen an Geb\u00e4uden sichtbar zu machen. Auch ein\u2026\u00a0<a class=\"wp-block-latest-posts__read-more\" href=\"https:\/\/www.klimainitiative-windeck.de\/index.php\/2025\/11\/02\/waermebildkamera-leihen\/\" rel=\"noopener noreferrer\"><span class=\"screen-reader-text\">W\u00e4rmebildkamera leihen <\/span>weiterlesen<\/a><\/div><\/li>\n<li><div class=\"wp-block-latest-posts__featured-image\"><a href=\"https:\/\/www.klimainitiative-windeck.de\/index.php\/2025\/10\/08\/viele-leckere-aufstriche\/\" aria-label=\"Viele leckere Aufstriche\"><img loading=\"lazy\" decoding=\"async\" width=\"300\" height=\"169\" src=\"https:\/\/www.klimainitiative-windeck.de\/wp-content\/uploads\/2025\/10\/Aufstriche_alle-300x169.jpg\" class=\"attachment-medium size-medium wp-post-image\" alt=\"Auf einem Teller sind mehrere kleine Scheiben Brot, jeweils mit einem anderen Aufstrich.\" style=\"max-width:300px;max-height:300px;\" srcset=\"https:\/\/www.klimainitiative-windeck.de\/wp-content\/uploads\/2025\/10\/Aufstriche_alle-300x169.jpg 300w, https:\/\/www.klimainitiative-windeck.de\/wp-content\/uploads\/2025\/10\/Aufstriche_alle-768x432.jpg 768w, https:\/\/www.klimainitiative-windeck.de\/wp-content\/uploads\/2025\/10\/Aufstriche_alle.jpg 1024w\" sizes=\"auto, (max-width: 300px) 100vw, 300px\" \/><\/a><\/div><a class=\"wp-block-latest-posts__post-title\" href=\"https:\/\/www.klimainitiative-windeck.de\/index.php\/2025\/10\/08\/viele-leckere-aufstriche\/\">Viele leckere Aufstriche<\/a><time datetime=\"2025-10-08T23:08:03+02:00\" class=\"wp-block-latest-posts__post-date\">8. Oktober 2025<\/time><div class=\"wp-block-latest-posts__post-excerpt\">Im Rahmen der Aktionstage Nachhaltigkeit, die 2025 unter dem Motto &#8222;Kann man Zukunft essen?&#8220; standen, hatten wir am 30.09.2025 zum Probieren verschiedener veganer Aufstriche eingeladen.\u2026\u00a0<a class=\"wp-block-latest-posts__read-more\" href=\"https:\/\/www.klimainitiative-windeck.de\/index.php\/2025\/10\/08\/viele-leckere-aufstriche\/\" rel=\"noopener noreferrer\"><span class=\"screen-reader-text\">Viele leckere Aufstriche <\/span>weiterlesen<\/a><\/div><\/li>\n<li><div class=\"wp-block-latest-posts__featured-image\"><a href=\"https:\/\/www.klimainitiative-windeck.de\/index.php\/2025\/09\/17\/gespraech-mit-der-wirtschaftsministerin-von-nrw\/\" aria-label=\"Gespr\u00e4ch mit der Wirtschaftsministerin von NRW\"><img loading=\"lazy\" decoding=\"async\" width=\"300\" height=\"169\" src=\"https:\/\/www.klimainitiative-windeck.de\/wp-content\/uploads\/2025\/09\/Gespraech_Neubaur-300x169.jpg\" class=\"attachment-medium size-medium wp-post-image\" alt=\"Frau Neubaur sitzt mit Mitgliedern der KlimaInitiative Windeck in einem Kreis auf St\u00fchlen\" style=\"max-width:300px;max-height:300px;\" srcset=\"https:\/\/www.klimainitiative-windeck.de\/wp-content\/uploads\/2025\/09\/Gespraech_Neubaur-300x169.jpg 300w, https:\/\/www.klimainitiative-windeck.de\/wp-content\/uploads\/2025\/09\/Gespraech_Neubaur-768x432.jpg 768w, https:\/\/www.klimainitiative-windeck.de\/wp-content\/uploads\/2025\/09\/Gespraech_Neubaur.jpg 885w\" sizes=\"auto, (max-width: 300px) 100vw, 300px\" \/><\/a><\/div><a class=\"wp-block-latest-posts__post-title\" href=\"https:\/\/www.klimainitiative-windeck.de\/index.php\/2025\/09\/17\/gespraech-mit-der-wirtschaftsministerin-von-nrw\/\">Gespr\u00e4ch mit der Wirtschaftsministerin von NRW<\/a><time datetime=\"2025-09-17T21:40:58+02:00\" class=\"wp-block-latest-posts__post-date\">17. September 2025<\/time><div class=\"wp-block-latest-posts__post-excerpt\">Mona Neubaur (B\u00fcndnis 90 \/ Die Gr\u00fcnen) war zu Gast in Windeck. Beim \u201eFest f\u00fcr Windeck am 31.08.2025 nahm sie auf der Podiumsdiskussion zu verschiedenen\u2026\u00a0<a class=\"wp-block-latest-posts__read-more\" href=\"https:\/\/www.klimainitiative-windeck.de\/index.php\/2025\/09\/17\/gespraech-mit-der-wirtschaftsministerin-von-nrw\/\" rel=\"noopener noreferrer\"><span class=\"screen-reader-text\">Gespr\u00e4ch mit der Wirtschaftsministerin von NRW <\/span>weiterlesen<\/a><\/div><\/li>\n<li><div class=\"wp-block-latest-posts__featured-image\"><a href=\"https:\/\/www.klimainitiative-windeck.de\/index.php\/2025\/08\/28\/aufruf-zum-stadtradeln-2025\/\" aria-label=\"Aufruf zum Stadtradeln 2025\"><img loading=\"lazy\" decoding=\"async\" width=\"300\" height=\"289\" src=\"https:\/\/www.klimainitiative-windeck.de\/wp-content\/uploads\/2024\/08\/Logo_stadtradeln_R-300x289.png\" class=\"attachment-medium size-medium wp-post-image\" alt=\"Rundes Logo der KlimaInitiative Windeck mit einem stilisierten Fahrrad davor.\" style=\"max-width:300px;max-height:300px;\" srcset=\"https:\/\/www.klimainitiative-windeck.de\/wp-content\/uploads\/2024\/08\/Logo_stadtradeln_R-300x289.png 300w, https:\/\/www.klimainitiative-windeck.de\/wp-content\/uploads\/2024\/08\/Logo_stadtradeln_R-e1724068185166.png 250w\" sizes=\"auto, (max-width: 300px) 100vw, 300px\" \/><\/a><\/div><a class=\"wp-block-latest-posts__post-title\" href=\"https:\/\/www.klimainitiative-windeck.de\/index.php\/2025\/08\/28\/aufruf-zum-stadtradeln-2025\/\">Aufruf zum Stadtradeln 2025<\/a><time datetime=\"2025-08-28T15:53:43+02:00\" class=\"wp-block-latest-posts__post-date\">28. August 2025<\/time><div class=\"wp-block-latest-posts__post-excerpt\">Das Stadtradeln geht wieder los: von Mittwoch, 10.September bis einschlie\u00dflich Dienstag, 30. September k\u00f6nnen wieder Fahrradkilometer gesammelt werden &#8211; egal, mit welchem Fahrrad, egal wie\u2026\u00a0<a class=\"wp-block-latest-posts__read-more\" href=\"https:\/\/www.klimainitiative-windeck.de\/index.php\/2025\/08\/28\/aufruf-zum-stadtradeln-2025\/\" rel=\"noopener noreferrer\"><span class=\"screen-reader-text\">Aufruf zum Stadtradeln 2025 <\/span>weiterlesen<\/a><\/div><\/li>\n<li><div class=\"wp-block-latest-posts__featured-image\"><a href=\"https:\/\/www.klimainitiative-windeck.de\/index.php\/2025\/08\/16\/aktionstage-nachhaltigkeit-2025-wir-laden-ein\/\" aria-label=\"Aktionstage Nachhaltigkeit 2025 \u2013 Wir laden ein!\"><img loading=\"lazy\" decoding=\"async\" width=\"300\" height=\"159\" src=\"https:\/\/www.klimainitiative-windeck.de\/wp-content\/uploads\/2025\/08\/DAN25_Logo_k.png\" class=\"attachment-medium size-medium wp-post-image\" alt=\"\" style=\"max-width:300px;max-height:300px;\" \/><\/a><\/div><a class=\"wp-block-latest-posts__post-title\" href=\"https:\/\/www.klimainitiative-windeck.de\/index.php\/2025\/08\/16\/aktionstage-nachhaltigkeit-2025-wir-laden-ein\/\">Aktionstage Nachhaltigkeit 2025 \u2013 Wir laden ein!<\/a><time datetime=\"2025-08-16T22:07:19+02:00\" class=\"wp-block-latest-posts__post-date\">16. August 2025<\/time><div class=\"wp-block-latest-posts__post-excerpt\">Wie auch im letzten Jahr beteiligen wir uns wieder an den Deutschen Aktionstagen Nachhaltigkeit. Wir freuen uns \u00fcber die Unterst\u00fctzung durch die Gemeinde Windeck und\u2026\u00a0<a class=\"wp-block-latest-posts__read-more\" href=\"https:\/\/www.klimainitiative-windeck.de\/index.php\/2025\/08\/16\/aktionstage-nachhaltigkeit-2025-wir-laden-ein\/\" rel=\"noopener noreferrer\"><span class=\"screen-reader-text\">Aktionstage Nachhaltigkeit 2025 \u2013 Wir laden ein! <\/span>weiterlesen<\/a><\/div><\/li>\n<li><div class=\"wp-block-latest-posts__featured-image\"><a href=\"https:\/\/www.klimainitiative-windeck.de\/index.php\/2025\/04\/23\/windecker-fahrrad-demo-am-5-april\/\" aria-label=\"Windecker Fahrrad-Demo am 5. April\"><img loading=\"lazy\" decoding=\"async\" width=\"300\" height=\"169\" src=\"https:\/\/www.klimainitiative-windeck.de\/wp-content\/uploads\/2025\/04\/Fahrraddemo2025-300x169.jpg\" class=\"attachment-medium size-medium wp-post-image\" alt=\"Einige Teilnehmende der Fahrraddemo wie sie in Altwindeck einfahren. Ein Teilnehmender tr\u00e4gt ein Shirt mit der Aufschrift &quot;Erobere dir die Stra\u00dfe zur\u00fcck!&quot; auf dem R\u00fccken, ein anderer ein Schild mit der Aufschrift &quot;Frischluft? Freiheit? Fahrrad!&quot;\" style=\"max-width:300px;max-height:300px;\" srcset=\"https:\/\/www.klimainitiative-windeck.de\/wp-content\/uploads\/2025\/04\/Fahrraddemo2025-300x169.jpg 300w, https:\/\/www.klimainitiative-windeck.de\/wp-content\/uploads\/2025\/04\/Fahrraddemo2025-768x432.jpg 768w, https:\/\/www.klimainitiative-windeck.de\/wp-content\/uploads\/2025\/04\/Fahrraddemo2025.jpg 1000w\" sizes=\"auto, (max-width: 300px) 100vw, 300px\" \/><\/a><\/div><a class=\"wp-block-latest-posts__post-title\" href=\"https:\/\/www.klimainitiative-windeck.de\/index.php\/2025\/04\/23\/windecker-fahrrad-demo-am-5-april\/\">Windecker Fahrrad-Demo am 5. April<\/a><time datetime=\"2025-04-23T15:09:43+02:00\" class=\"wp-block-latest-posts__post-date\">23. April 2025<\/time><div class=\"wp-block-latest-posts__post-excerpt\">\u201eTrauriger Anlass \u2013 tolles Wetter\u201c, so oder \u00e4hnlich l\u00e4sst sich die Ausgangssituation f\u00fcr die (leider) mittlerweile traditionelle gemeinsame Fr\u00fchjahrsaktion von KlimaInitiative Windeck und ADFC Obere\u2026\u00a0<a class=\"wp-block-latest-posts__read-more\" href=\"https:\/\/www.klimainitiative-windeck.de\/index.php\/2025\/04\/23\/windecker-fahrrad-demo-am-5-april\/\" rel=\"noopener noreferrer\"><span class=\"screen-reader-text\">Windecker Fahrrad-Demo am 5. April <\/span>weiterlesen<\/a><\/div><\/li>\n<li><div class=\"wp-block-latest-posts__featured-image\"><a href=\"https:\/\/www.klimainitiative-windeck.de\/index.php\/2025\/03\/14\/forderungen-an-die-koalition\/\" aria-label=\"Forderungen an die Koalition\"><img loading=\"lazy\" decoding=\"async\" width=\"300\" height=\"171\" src=\"https:\/\/www.klimainitiative-windeck.de\/wp-content\/uploads\/2025\/03\/Forderungen-300x171.png\" class=\"attachment-medium size-medium wp-post-image\" alt=\"\" style=\"max-width:300px;max-height:300px;\" srcset=\"https:\/\/www.klimainitiative-windeck.de\/wp-content\/uploads\/2025\/03\/Forderungen-300x171.png 300w, https:\/\/www.klimainitiative-windeck.de\/wp-content\/uploads\/2025\/03\/Forderungen.png 705w\" sizes=\"auto, (max-width: 300px) 100vw, 300px\" \/><\/a><\/div><a class=\"wp-block-latest-posts__post-title\" href=\"https:\/\/www.klimainitiative-windeck.de\/index.php\/2025\/03\/14\/forderungen-an-die-koalition\/\">Forderungen an die Koalition<\/a><time datetime=\"2025-03-14T16:11:19+01:00\" class=\"wp-block-latest-posts__post-date\">14. M\u00e4rz 2025<\/time><div class=\"wp-block-latest-posts__post-excerpt\">Wir haben einen Brief mit Forderungen an die Verhandler*innen zur Vereinbarung einer Koalitionsvereinbarung zwischen CDU\/CSU und SPD f\u00fcr die kommende Legislaturperiode verfasst und verschickt. Hier\u2026\u00a0<a class=\"wp-block-latest-posts__read-more\" href=\"https:\/\/www.klimainitiative-windeck.de\/index.php\/2025\/03\/14\/forderungen-an-die-koalition\/\" rel=\"noopener noreferrer\"><span class=\"screen-reader-text\">Forderungen an die Koalition <\/span>weiterlesen<\/a><\/div><\/li>\n<\/ul>\n\n\n<div class=\"wp-block-buttons is-content-justification-center is-layout-flex wp-container-core-buttons-is-layout-a89b3969 wp-block-buttons-is-layout-flex\">\n<div class=\"wp-block-button\"><a class=\"wp-block-button__link wp-element-button\" href=\"https:\/\/www.klimainitiative-windeck.de\/index.php\/category\/aktuelles\/\">Mehr Artikel anzeigen<\/a><\/div>\n<\/div>\n\n\n\n<p><\/p>\n","protected":false},"excerpt":{"rendered":"<p>Die neuesten Artikel<\/p>\n","protected":false},"author":1,"featured_media":0,"parent":0,"menu_order":0,"comment_status":"closed","ping_status":"closed","template":"","meta":{"site-sidebar-layout":"default","site-content-layout":"boxed-container","ast-site-content-layout":"default","site-content-style":"default","site-sidebar-style":"boxed","ast-global-header-display":"","ast-banner-title-visibility":"","ast-main-header-display":"","ast-hfb-above-header-display":"","ast-hfb-below-header-display":"","ast-hfb-mobile-header-display":"","site-post-title":"","ast-breadcrumbs-content":"disabled","ast-featured-img":"","footer-sml-layout":"","ast-disable-related-posts":"","theme-transparent-header-meta":"disabled","adv-header-id-meta":"","stick-header-meta":"","header-above-stick-meta":"","header-main-stick-meta":"","header-below-stick-meta":"","astra-migrate-meta-layouts":"set","ast-page-background-enabled":"default","ast-page-background-meta":{"desktop":{"background-color":"var(--ast-global-color-4)","background-image":"","background-repeat":"repeat","background-position":"center center","background-size":"auto","background-attachment":"scroll","background-type":"","background-media":"","overlay-type":"","overlay-color":"","overlay-opacity":"","overlay-gradient":""},"tablet":{"background-color":"","background-image":"","background-repeat":"repeat","background-position":"center center","background-size":"auto","background-attachment":"scroll","background-type":"","background-media":"","overlay-type":"","overlay-color":"","overlay-opacity":"","overlay-gradient":""},"mobile":{"background-color":"","background-image":"","background-repeat":"repeat","background-position":"center center","background-size":"auto","background-attachment":"scroll","background-type":"","background-media":"","overlay-type":"","overlay-color":"","overlay-opacity":"","overlay-gradient":""}},"ast-content-background-meta":{"desktop":{"background-color":"var(--ast-global-color-5)","background-image":"","background-repeat":"repeat","background-position":"center center","background-size":"auto","background-attachment":"scroll","background-type":"","background-media":"","overlay-type":"","overlay-color":"","overlay-opacity":"","overlay-gradient":""},"tablet":{"background-color":"var(--ast-global-color-5)","background-image":"","background-repeat":"repeat","background-position":"center center","background-size":"auto","background-attachment":"scroll","background-type":"","background-media":"","overlay-type":"","overlay-color":"","overlay-opacity":"","overlay-gradient":""},"mobile":{"background-color":"var(--ast-global-color-5)","background-image":"","background-repeat":"repeat","background-position":"center center","background-size":"auto","background-attachment":"scroll","background-type":"","background-media":"","overlay-type":"","overlay-color":"","overlay-opacity":"","overlay-gradient":""}},"footnotes":""},"class_list":["post-77","page","type-page","status-publish","hentry"],"_links":{"self":[{"href":"https:\/\/www.klimainitiative-windeck.de\/index.php\/wp-json\/wp\/v2\/pages\/77","targetHints":{"allow":["GET"]}}],"collection":[{"href":"https:\/\/www.klimainitiative-windeck.de\/index.php\/wp-json\/wp\/v2\/pages"}],"about":[{"href":"https:\/\/www.klimainitiative-windeck.de\/index.php\/wp-json\/wp\/v2\/types\/page"}],"author":[{"embeddable":true,"href":"https:\/\/www.klimainitiative-windeck.de\/index.php\/wp-json\/wp\/v2\/users\/1"}],"replies":[{"embeddable":true,"href":"https:\/\/www.klimainitiative-windeck.de\/index.php\/wp-json\/wp\/v2\/comments?post=77"}],"version-history":[{"count":0,"href":"https:\/\/www.klimainitiative-windeck.de\/index.php\/wp-json\/wp\/v2\/pages\/77\/revisions"}],"wp:attachment":[{"href":"https:\/\/www.klimainitiative-windeck.de\/index.php\/wp-json\/wp\/v2\/media?parent=77"}],"curies":[{"name":"wp","href":"https:\/\/api.w.org\/{rel}","templated":true}]}}