{"id":86,"date":"2022-01-10T19:44:06","date_gmt":"2022-01-10T18:44:06","guid":{"rendered":"http:\/\/www.klimainitiative-windeck.de\/?page_id=86"},"modified":"2025-11-02T19:03:39","modified_gmt":"2025-11-02T18:03:39","slug":"mobilitaet","status":"publish","type":"page","link":"https:\/\/www.klimainitiative-windeck.de\/index.php\/themen\/mobilitaet\/","title":{"rendered":"Mobilit\u00e4t"},"content":{"rendered":"\n<p>Der Verkehrssektor ist f\u00fcr rund 20 Prozent der Treibhausgasemissionen in Deutschland verantwortlich und h\u00e4lt sich leider seit geraumer Zeit auf diesem Niveau.<\/p>\n\n\n\n<p>Bei der Ausstattung der privaten Haushalte ist der Trend in den vergangenen zehn Jahren zum Zweit- oder Drittwagen gegangen, teilte das Statistische Bundesamt in Wiesbaden im September 2022 mit. Im Jahr 2021 kamen auf 1.000 Einwohnerinnen und Einwohner 580 Autos. 2011 waren es noch 63 weniger. Die Einnahmen aus der Kfz-Steuer stiegen im Zehnjahresvergleich um 13 Prozent. Diese Entwicklung macht deutlich, dass der Verkehrsbereich bei den Bem\u00fchungen um Nachhaltigkeit und dessen Entwicklung geschont wird.<\/p>\n\n\n\n<p>Der Verkehr verursacht Luftverschmutzung und tr\u00e4gt zum Fl\u00e4chenverbrauch und zu Unf\u00e4llen bei. Eine andere Art des Transportes von Menschen und G\u00fctern ist zu organisieren \u2013 Stichwort kurze Wege, Aufbau von Alternativen zum Individualverkehr, wie z. B. \u00d6PNV, Strukturentwicklung des Fahrradverkehrs.<\/p>\n\n\n\n<h2 class=\"wp-block-heading\">Umweltverbund st\u00e4rken<\/h2>\n\n\n\n<p>Das bestehende Verkehrssystem setzt auf das Auto und den LKW, auf fossile Antriebssysteme. Technisch geschaffene Energieeinsparungen werden durch den Bau gr\u00f6\u00dferer und schwerer Fahrzeuge und durch die verst\u00e4rkte Nutzung der Fahrzeuge neutralisiert \u2013 der sog. Reboundeffekt.<\/p>\n\n\n\n<p>F\u00fcr den Transport von Menschen und G\u00fctern sind zuk\u00fcnftig andere Priorit\u00e4ten zu setzen: weniger und k\u00fcrzere Wege, eine Verlagerung von umweltsch\u00e4dlichen Verkehrsmitteln wie Auto, Flugzeug oder Lkw auf den Umweltverbund aus Schiene, \u00d6PNV, Fu\u00df- und Radverkehr und Sharing-Mobilit\u00e4t sowie energieeffiziente Verkehrsmittel mit erneuerbaren Antrieben und Kraftstoffen.<\/p>\n\n\n\n<h2 class=\"wp-block-heading\">Die Verkehrswende in Windeck vorantreiben<\/h2>\n\n\n\n<p>Was bedeutet dieser Anspruch auf Ver\u00e4nderung f\u00fcr die Verkehrswende in der Landgemeinde Windeck? Mit dieser Frage und den damit verbundenen Herausforderungen befasst sich die Untergruppe Mobilit\u00e4t der Klimainitiative Windeck. Ziel unseres Engagement ist es zu einer umfassenden Verkehrswende unter Beteiligung der B\u00fcrger*innen Windecks beizutragen. Hierzu nutzen wir unterschiedliche Formen der Themenbearbeitung von Vortr\u00e4gen \u00fcber die Erarbeitung von Stellungnahmen bis zu \u00f6ffentlichen Demonstrationen wie z. B. Fahrraddemonstrationen. <\/p>\n\n\n\n<p>Gemeinsam mit der B\u00fcrgerEnergie Rhein-Sieg eG haben wir das <a href=\"https:\/\/www.klimainitiative-windeck.de\/index.php\/projekte\/carsharing\/\" data-type=\"page\" data-id=\"116\">Carsharing in Windeck<\/a> ins Leben gerufen.<\/p>\n\n\n\n<p>Seit 2021 beteiligen wir uns mit verschiedenen Aktionen an der j\u00e4hrlichen <a href=\"https:\/\/www.klimainitiative-windeck.de\/index.php\/mobilitaetswoche\/\" data-type=\"page\" data-id=\"1159\">Mobilit\u00e4tswoche<\/a>.<\/p>\n\n\n\n<h2 class=\"wp-block-heading\">Weitere Beitr\u00e4ge zum Thema Mobilit\u00e4t<\/h2>\n\n\n<div id=\"vsel\" class=\"vsel-shortcode vsel-shortcode-upcoming-events\"><div id=\"event-1578\" class=\"vsel-content demonstration mobilitaet vsel-upcoming vsel-future\"><h3 class=\"vsel-meta-title\"><a href=\"https:\/\/www.klimainitiative-windeck.de\/index.php\/event\/wo-ist-unser-radweg\/\" rel=\"bookmark\" title=\"WO IST UNSER RADWEG?\">WO IST UNSER RADWEG?<\/a><\/h3><div class=\"vsel-meta vsel-alignleft\" style=\"width:33%;\"><div class=\"vsel-meta-combine\"><div class=\"vsel-meta-date-icon vsel-meta-single-date-icon\"><div class=\"vsel-start-icon\"><span class=\"vsel-month vsel-month-top\">Apr.<\/span><span class=\"vsel-day\">18<\/span><span class=\"vsel-year\">2026<\/span><\/div><\/div><div class=\"vsel-meta-time\">Uhrzeit: <span>Start 10:00 Uhr<\/span><\/div><div class=\"vsel-meta-location\">Ort: <span>Treffpunkt am Parkplatz neben dem B\u00fcrgerb\u00fcro (Rathausstr. 16)<\/span><\/div><\/div><\/div><div class=\"vsel-info vsel-alignright\" style=\"width:63%;\"><figure class=\"vsel-image vsel-alignleft\" style=\"max-width:40%;\"><a href=\"https:\/\/www.klimainitiative-windeck.de\/index.php\/event\/wo-ist-unser-radweg\/\" rel=\"bookmark\"><img loading=\"lazy\" decoding=\"async\" width=\"150\" height=\"150\" src=\"https:\/\/www.klimainitiative-windeck.de\/wp-content\/uploads\/2022\/05\/Fahrraddemo-150x150.jpeg\" class=\"vsel-image-img wp-post-image\" alt=\"Fr\u00f6hliche Radfahrer*innen auf einer Fahrraddemo\" \/><\/a><\/figure><div class=\"vsel-text\"><p>\u201eWo ist unser Radweg?\u201c &#8211; diese Frage stellen sich die Radfahrenden in Windeck schon immer. Dabei ist die Antwort ebenso einfach wie unbefriedigend: es gibt keine Radwege in Windeck! Der oft als solcher beschriebene \u201eSieg-Unterhaltungsweg\u201c ist seit Jahren zwischen Dattenfeld und Dreisel (offiziell) gesperrt. Wir h\u00f6ren immer, die zust\u00e4ndigen Stellen seien in \u201eguten Gespr\u00e4chen\u201c &#8211; [&hellip;]<\/p>\n<\/div><\/div><\/div><div id=\"event-1783\" class=\"vsel-content mobilitaet sonstige-veranstaltung vsel-upcoming vsel-future\"><h3 class=\"vsel-meta-title\"><a href=\"https:\/\/www.klimainitiative-windeck.de\/index.php\/event\/radtour-mit-picknick-zum-hohen-waeldchen\/\" rel=\"bookmark\" title=\"Radtour mit Picknick zum \u201eHohen W\u00e4ldchen\u201c\">Radtour mit Picknick zum \u201eHohen W\u00e4ldchen\u201c<\/a><\/h3><div class=\"vsel-meta vsel-alignleft\" style=\"width:33%;\"><div class=\"vsel-meta-combine\"><div class=\"vsel-meta-date-icon vsel-meta-single-date-icon\"><div class=\"vsel-start-icon\"><span class=\"vsel-month vsel-month-top\">Mai<\/span><span class=\"vsel-day\">24<\/span><span class=\"vsel-year\">2026<\/span><\/div><\/div><div class=\"vsel-meta-time\">Uhrzeit: <span>Start 15:00 Uhr<\/span><\/div><div class=\"vsel-meta-location\">Ort: <span>Bahnhof Schladern N\u00e4he Bushaltestellen<\/span><\/div><\/div><\/div><div class=\"vsel-info vsel-alignright\" style=\"width:63%;\"><figure class=\"vsel-image vsel-alignleft\" style=\"max-width:40%;\"><a href=\"https:\/\/www.klimainitiative-windeck.de\/index.php\/event\/radtour-mit-picknick-zum-hohen-waeldchen\/\" rel=\"bookmark\"><img loading=\"lazy\" decoding=\"async\" width=\"150\" height=\"150\" src=\"https:\/\/www.klimainitiative-windeck.de\/wp-content\/uploads\/2026\/03\/Hohes_Waeldchen_Ausblick_-1-150x150.jpg\" class=\"vsel-image-img wp-post-image\" alt=\"Ausblick vom Hohen W\u00e4ldchen \u00fcber sanfte H\u00fcgelketten, am Horizont das Siebengebirge\" \/><\/a><\/figure><div class=\"vsel-text\"><p>Das Hohe W\u00e4ldchen ist mit 378m \u00fc.NN die h\u00f6chste Nutscheid-Erhebung zwischen Br\u00f6l- und Siegtal und wurde&nbsp; fr\u00fcher milit\u00e4risch als Raketen-Abschussbasis genutzt.Heute kommen die Menschen meist in friedlicher Absicht und genie\u00dfen hier die Ruhe und die tolle Aussicht bis zum Siebengebirge. Wir wollen auf unserer Tour nach der anstrengenden Hinfahrt hier ebenfalls eine Rast machen und [&hellip;]<\/p>\n<\/div><\/div><\/div><div class=\"vsel-nav-numeric\"><\/div><\/div>\n\n\n\n<ul class=\"wp-block-list\">\n<li><a href=\"https:\/\/www.klimainitiative-windeck.de\/index.php\/themen\/mobilitaet\/unsere-forderungen-nahmobilitaet\/\"><strong>Unsere Forderungen f\u00fcr eine klimafreundliche und nachhaltige Nahmobilit\u00e4t in Windeck<\/strong><\/a><\/li>\n\n\n\n<li><strong><a href=\"https:\/\/www.klimainitiative-windeck.de\/index.php\/nachfolge-fuer-das-9-euro-ticket\/\">Unsere Initiative f\u00fcr ein Nachfolgeticket zum 9-Euro-Ticket<\/a><\/strong><\/li>\n<\/ul>\n\n\n<ul class=\"wp-block-latest-posts__list wp-block-latest-posts\"><li><div class=\"wp-block-latest-posts__featured-image alignleft\"><a href=\"https:\/\/www.klimainitiative-windeck.de\/index.php\/2025\/09\/17\/gespraech-mit-der-wirtschaftsministerin-von-nrw\/\" aria-label=\"Gespr\u00e4ch mit der Wirtschaftsministerin von NRW\"><img loading=\"lazy\" decoding=\"async\" width=\"150\" height=\"150\" src=\"https:\/\/www.klimainitiative-windeck.de\/wp-content\/uploads\/2025\/09\/Gespraech_Neubaur-150x150.jpg\" class=\"attachment-thumbnail size-thumbnail wp-post-image\" alt=\"Frau Neubaur sitzt mit Mitgliedern der KlimaInitiative Windeck in einem Kreis auf St\u00fchlen\" style=\"max-width:150px;max-height:150px;\" \/><\/a><\/div><a class=\"wp-block-latest-posts__post-title\" href=\"https:\/\/www.klimainitiative-windeck.de\/index.php\/2025\/09\/17\/gespraech-mit-der-wirtschaftsministerin-von-nrw\/\">Gespr\u00e4ch mit der Wirtschaftsministerin von NRW<\/a><div class=\"wp-block-latest-posts__post-excerpt\">Mona Neubaur (B\u00fcndnis 90 \/ Die Gr\u00fcnen) war zu Gast in Windeck. Beim \u201eFest f\u00fcr Windeck am 31.08.2025 nahm sie auf der Podiumsdiskussion zu verschiedenen Themen Stellung. Wir hatten die M\u00f6glichkeit, im Vorfeld eine halbe Stunde mit Frau Neubaur zu\u2026\u00a0<a class=\"wp-block-latest-posts__read-more\" href=\"https:\/\/www.klimainitiative-windeck.de\/index.php\/2025\/09\/17\/gespraech-mit-der-wirtschaftsministerin-von-nrw\/\" rel=\"noopener noreferrer\"><span class=\"screen-reader-text\">Gespr\u00e4ch mit der Wirtschaftsministerin von NRW <\/span>weiterlesen<\/a><\/div><\/li>\n<li><div class=\"wp-block-latest-posts__featured-image alignleft\"><a href=\"https:\/\/www.klimainitiative-windeck.de\/index.php\/2025\/08\/28\/aufruf-zum-stadtradeln-2025\/\" aria-label=\"Aufruf zum Stadtradeln 2025\"><img loading=\"lazy\" decoding=\"async\" width=\"150\" height=\"150\" src=\"https:\/\/www.klimainitiative-windeck.de\/wp-content\/uploads\/2024\/08\/Logo_stadtradeln_R-150x150.png\" class=\"attachment-thumbnail size-thumbnail wp-post-image\" alt=\"Rundes Logo der KlimaInitiative Windeck mit einem stilisierten Fahrrad davor.\" style=\"max-width:150px;max-height:150px;\" \/><\/a><\/div><a class=\"wp-block-latest-posts__post-title\" href=\"https:\/\/www.klimainitiative-windeck.de\/index.php\/2025\/08\/28\/aufruf-zum-stadtradeln-2025\/\">Aufruf zum Stadtradeln 2025<\/a><div class=\"wp-block-latest-posts__post-excerpt\">Das Stadtradeln geht wieder los: von Mittwoch, 10.September bis einschlie\u00dflich Dienstag, 30. September k\u00f6nnen wieder Fahrradkilometer gesammelt werden &#8211; egal, mit welchem Fahrrad, egal wie viel und wie oft. Jede Einkaufsfahrt nach Dattenfeld, Rosbach oder die Fahrt zum Eis essen,\u2026\u00a0<a class=\"wp-block-latest-posts__read-more\" href=\"https:\/\/www.klimainitiative-windeck.de\/index.php\/2025\/08\/28\/aufruf-zum-stadtradeln-2025\/\" rel=\"noopener noreferrer\"><span class=\"screen-reader-text\">Aufruf zum Stadtradeln 2025 <\/span>weiterlesen<\/a><\/div><\/li>\n<li><div class=\"wp-block-latest-posts__featured-image alignleft\"><a href=\"https:\/\/www.klimainitiative-windeck.de\/index.php\/2025\/04\/23\/windecker-fahrrad-demo-am-5-april\/\" aria-label=\"Windecker Fahrrad-Demo am 5. April\"><img loading=\"lazy\" decoding=\"async\" width=\"150\" height=\"150\" src=\"https:\/\/www.klimainitiative-windeck.de\/wp-content\/uploads\/2025\/04\/Fahrraddemo2025-150x150.jpg\" class=\"attachment-thumbnail size-thumbnail wp-post-image\" alt=\"Einige Teilnehmende der Fahrraddemo wie sie in Altwindeck einfahren. Ein Teilnehmender tr\u00e4gt ein Shirt mit der Aufschrift &quot;Erobere dir die Stra\u00dfe zur\u00fcck!&quot; auf dem R\u00fccken, ein anderer ein Schild mit der Aufschrift &quot;Frischluft? Freiheit? Fahrrad!&quot;\" style=\"max-width:150px;max-height:150px;\" \/><\/a><\/div><a class=\"wp-block-latest-posts__post-title\" href=\"https:\/\/www.klimainitiative-windeck.de\/index.php\/2025\/04\/23\/windecker-fahrrad-demo-am-5-april\/\">Windecker Fahrrad-Demo am 5. April<\/a><div class=\"wp-block-latest-posts__post-excerpt\">\u201eTrauriger Anlass \u2013 tolles Wetter\u201c, so oder \u00e4hnlich l\u00e4sst sich die Ausgangssituation f\u00fcr die (leider) mittlerweile traditionelle gemeinsame Fr\u00fchjahrsaktion von KlimaInitiative Windeck und ADFC Obere Sieg beschreiben. Immerhin ca. 35 Erwachsene und Kinder aus Windeck, Eitorf und dem Westerwald trafen\u2026\u00a0<a class=\"wp-block-latest-posts__read-more\" href=\"https:\/\/www.klimainitiative-windeck.de\/index.php\/2025\/04\/23\/windecker-fahrrad-demo-am-5-april\/\" rel=\"noopener noreferrer\"><span class=\"screen-reader-text\">Windecker Fahrrad-Demo am 5. April <\/span>weiterlesen<\/a><\/div><\/li>\n<li><div class=\"wp-block-latest-posts__featured-image alignleft\"><a href=\"https:\/\/www.klimainitiative-windeck.de\/index.php\/2024\/10\/04\/fahrradaktionen-waehrend-der-aktionstage-nachhaltigkeit\/\" aria-label=\"Fahrradaktionen w\u00e4hrend der Aktionstage Nachhaltigkeit\"><img loading=\"lazy\" decoding=\"async\" width=\"150\" height=\"150\" src=\"https:\/\/www.klimainitiative-windeck.de\/wp-content\/uploads\/2024\/10\/Demo_Fahrt-150x150.jpg\" class=\"attachment-thumbnail size-thumbnail wp-post-image\" alt=\"Ein Teil der Kidical Mass Fahrraddemo vom 20.09.2024\" style=\"max-width:150px;max-height:150px;\" \/><\/a><\/div><a class=\"wp-block-latest-posts__post-title\" href=\"https:\/\/www.klimainitiative-windeck.de\/index.php\/2024\/10\/04\/fahrradaktionen-waehrend-der-aktionstage-nachhaltigkeit\/\">Fahrradaktionen w\u00e4hrend der Aktionstage Nachhaltigkeit<\/a><div class=\"wp-block-latest-posts__post-excerpt\">Am Freitag, den 20.9. f\u00fchrten wir im Dattenfelder Park ein Fahrradtraining f\u00fcr die Vorschulkinder der beiden Dattenfelder Kitas durch. Auf einem sch\u00f6nen Rundkurs sollten die Kinder verschiedene Aufgaben l\u00f6sen, z.B. Slalomfahren, Spurwechsel oder Abklatschen mit Aufsichtsperson. Alle Kinder waren konzentriert\u2026\u00a0<a class=\"wp-block-latest-posts__read-more\" href=\"https:\/\/www.klimainitiative-windeck.de\/index.php\/2024\/10\/04\/fahrradaktionen-waehrend-der-aktionstage-nachhaltigkeit\/\" rel=\"noopener noreferrer\"><span class=\"screen-reader-text\">Fahrradaktionen w\u00e4hrend der Aktionstage Nachhaltigkeit <\/span>weiterlesen<\/a><\/div><\/li>\n<li><div class=\"wp-block-latest-posts__featured-image alignleft\"><a href=\"https:\/\/www.klimainitiative-windeck.de\/index.php\/2024\/09\/04\/aktionstage-nachhaltigkeit-2024-wir-laden-ein\/\" aria-label=\"Aktionstage Nachhaltigkeit 2024 &#8211; Wir laden ein!\"><img loading=\"lazy\" decoding=\"async\" width=\"150\" height=\"150\" src=\"https:\/\/www.klimainitiative-windeck.de\/wp-content\/uploads\/2024\/09\/Aktionstage_logo-150x150.jpg\" class=\"attachment-thumbnail size-thumbnail wp-post-image\" alt=\"Logo der Deutschen Aktionstage Nachhaltigkeit 2024\" style=\"max-width:150px;max-height:150px;\" \/><\/a><\/div><a class=\"wp-block-latest-posts__post-title\" href=\"https:\/\/www.klimainitiative-windeck.de\/index.php\/2024\/09\/04\/aktionstage-nachhaltigkeit-2024-wir-laden-ein\/\">Aktionstage Nachhaltigkeit 2024 &#8211; Wir laden ein!<\/a><div class=\"wp-block-latest-posts__post-excerpt\">Dieses Jahr beteiligen wir uns zum ersten Mal an den Deutschen Aktionstagen Nachhaltigkeit. Neben einer Reihe von Veranstaltungen, die wir auch die letzten Jahre schon im Rahmen der Europ\u00e4ischen Mobilit\u00e4tswoche organisierten, laden wir nun auch zu Veranstaltungen zu den Themenfelder\u2026\u00a0<a class=\"wp-block-latest-posts__read-more\" href=\"https:\/\/www.klimainitiative-windeck.de\/index.php\/2024\/09\/04\/aktionstage-nachhaltigkeit-2024-wir-laden-ein\/\" rel=\"noopener noreferrer\"><span class=\"screen-reader-text\">Aktionstage Nachhaltigkeit 2024 &#8211; Wir laden ein! <\/span>weiterlesen<\/a><\/div><\/li>\n<\/ul>\n\n\n<p class=\"has-text-align-center\"><a href=\"https:\/\/www.klimainitiative-windeck.de\/index.php\/category\/themen\/mobilitaet\/\" data-type=\"category\" data-id=\"5\">alle Beitr\u00e4ge zum Thema Mobilit\u00e4t anzeigen<\/a><\/p>\n","protected":false},"excerpt":{"rendered":"<p>Der Verkehrssektor ist f\u00fcr rund 20 Prozent der Treibhausgasemissionen in Deutschland verantwortlich und h\u00e4lt sich leider seit geraumer Zeit auf diesem Niveau. Bei der Ausstattung der privaten Haushalte ist der Trend in den vergangenen zehn Jahren zum Zweit- oder Drittwagen gegangen, teilte das Statistische Bundesamt in Wiesbaden im September 2022 mit. Im Jahr 2021 kamen [&hellip;]<\/p>\n","protected":false},"author":7,"featured_media":1403,"parent":114,"menu_order":0,"comment_status":"closed","ping_status":"closed","template":"","meta":{"site-sidebar-layout":"default","site-content-layout":"boxed-container","ast-site-content-layout":"normal-width-container","site-content-style":"boxed","site-sidebar-style":"boxed","ast-global-header-display":"","ast-banner-title-visibility":"","ast-main-header-display":"","ast-hfb-above-header-display":"","ast-hfb-below-header-display":"","ast-hfb-mobile-header-display":"","site-post-title":"","ast-breadcrumbs-content":"","ast-featured-img":"","footer-sml-layout":"","ast-disable-related-posts":"","theme-transparent-header-meta":"","adv-header-id-meta":"","stick-header-meta":"","header-above-stick-meta":"","header-main-stick-meta":"","header-below-stick-meta":"","astra-migrate-meta-layouts":"set","ast-page-background-enabled":"default","ast-page-background-meta":{"desktop":{"background-color":"var(--ast-global-color-4)","background-image":"","background-repeat":"repeat","background-position":"center center","background-size":"auto","background-attachment":"scroll","background-type":"","background-media":"","overlay-type":"","overlay-color":"","overlay-opacity":"","overlay-gradient":""},"tablet":{"background-color":"","background-image":"","background-repeat":"repeat","background-position":"center center","background-size":"auto","background-attachment":"scroll","background-type":"","background-media":"","overlay-type":"","overlay-color":"","overlay-opacity":"","overlay-gradient":""},"mobile":{"background-color":"","background-image":"","background-repeat":"repeat","background-position":"center center","background-size":"auto","background-attachment":"scroll","background-type":"","background-media":"","overlay-type":"","overlay-color":"","overlay-opacity":"","overlay-gradient":""}},"ast-content-background-meta":{"desktop":{"background-color":"var(--ast-global-color-5)","background-image":"","background-repeat":"repeat","background-position":"center center","background-size":"auto","background-attachment":"scroll","background-type":"","background-media":"","overlay-type":"","overlay-color":"","overlay-opacity":"","overlay-gradient":""},"tablet":{"background-color":"var(--ast-global-color-5)","background-image":"","background-repeat":"repeat","background-position":"center center","background-size":"auto","background-attachment":"scroll","background-type":"","background-media":"","overlay-type":"","overlay-color":"","overlay-opacity":"","overlay-gradient":""},"mobile":{"background-color":"var(--ast-global-color-5)","background-image":"","background-repeat":"repeat","background-position":"center center","background-size":"auto","background-attachment":"scroll","background-type":"","background-media":"","overlay-type":"","overlay-color":"","overlay-opacity":"","overlay-gradient":""}},"footnotes":""},"class_list":["post-86","page","type-page","status-publish","has-post-thumbnail","hentry"],"_links":{"self":[{"href":"https:\/\/www.klimainitiative-windeck.de\/index.php\/wp-json\/wp\/v2\/pages\/86","targetHints":{"allow":["GET"]}}],"collection":[{"href":"https:\/\/www.klimainitiative-windeck.de\/index.php\/wp-json\/wp\/v2\/pages"}],"about":[{"href":"https:\/\/www.klimainitiative-windeck.de\/index.php\/wp-json\/wp\/v2\/types\/page"}],"author":[{"embeddable":true,"href":"https:\/\/www.klimainitiative-windeck.de\/index.php\/wp-json\/wp\/v2\/users\/7"}],"replies":[{"embeddable":true,"href":"https:\/\/www.klimainitiative-windeck.de\/index.php\/wp-json\/wp\/v2\/comments?post=86"}],"version-history":[{"count":0,"href":"https:\/\/www.klimainitiative-windeck.de\/index.php\/wp-json\/wp\/v2\/pages\/86\/revisions"}],"up":[{"embeddable":true,"href":"https:\/\/www.klimainitiative-windeck.de\/index.php\/wp-json\/wp\/v2\/pages\/114"}],"wp:featuredmedia":[{"embeddable":true,"href":"https:\/\/www.klimainitiative-windeck.de\/index.php\/wp-json\/wp\/v2\/media\/1403"}],"wp:attachment":[{"href":"https:\/\/www.klimainitiative-windeck.de\/index.php\/wp-json\/wp\/v2\/media?parent=86"}],"curies":[{"name":"wp","href":"https:\/\/api.w.org\/{rel}","templated":true}]}}